{"id":3263,"date":"2026-02-26T11:42:51","date_gmt":"2026-02-26T10:42:51","guid":{"rendered":"https:\/\/petikkft.hu\/?page_id=3263"},"modified":"2026-03-09T11:38:16","modified_gmt":"2026-03-09T10:38:16","slug":"rolunk","status":"publish","type":"page","link":"https:\/\/petikkft.hu\/en\/rolunk\/","title":{"rendered":"About Us"},"content":{"rendered":"<div data-elementor-type=\"wp-page\" data-elementor-id=\"3263\" class=\"elementor elementor-3263\">\n\t\t\t\t<div class=\"elementor-element elementor-element-c0030e1 brick-bg banner-section e-flex e-con-boxed e-con e-parent\" data-id=\"c0030e1\" data-element_type=\"container\" data-e-type=\"container\">\n\t\t\t\t\t<div class=\"e-con-inner\">\n\t\t\t\t<div class=\"elementor-element elementor-element-7d4da92 elementor-widget elementor-widget-heading\" data-id=\"7d4da92\" data-element_type=\"widget\" data-e-type=\"widget\" data-widget_type=\"heading.default\">\n\t\t\t\t<div class=\"elementor-widget-container\">\n\t\t\t\t\t<h1 class=\"elementor-heading-title elementor-size-default\">About Us<\/h1>\t\t\t\t<\/div>\n\t\t\t\t<\/div>\n\t\t\t\t\t<\/div>\n\t\t\t\t<\/div>\n\t\t<div class=\"elementor-element elementor-element-51add74 e-flex e-con-boxed e-con e-parent\" data-id=\"51add74\" data-element_type=\"container\" data-e-type=\"container\">\n\t\t\t\t\t<div class=\"e-con-inner\">\n\t\t<div class=\"elementor-element elementor-element-51582c7 e-con-full e-flex e-con e-child\" data-id=\"51582c7\" data-element_type=\"container\" data-e-type=\"container\">\n\t\t\t\t<div class=\"elementor-element elementor-element-b8cb028 title elementor-widget elementor-widget-heading\" data-id=\"b8cb028\" data-element_type=\"widget\" data-e-type=\"widget\" data-widget_type=\"heading.default\">\n\t\t\t\t<div class=\"elementor-widget-container\">\n\t\t\t\t\t<h2 class=\"elementor-heading-title elementor-size-default\">Introduction<\/h2>\t\t\t\t<\/div>\n\t\t\t\t<\/div>\n\t\t\t\t<div class=\"elementor-element elementor-element-9baafb8 elementor-widget elementor-widget-text-editor\" data-id=\"9baafb8\" data-element_type=\"widget\" data-e-type=\"widget\" data-widget_type=\"text-editor.default\">\n\t\t\t\t<div class=\"elementor-widget-container\">\n\t\t\t\t\t\t\t\t\t<p><strong>Petik M\u00e9rn\u00f6ki Szolg\u00e1ltat\u00f3 Kft. (the full legal successor of Petik \u00e9s T\u00e1rsai Kft.) is one of the most frequently employed companies in Hungary dealing with soil mechanics and foundation engineering design. The company was founded by \u00c1rp\u00e1d Petik and his associates in 1991. The three owners started the company with approximately 25 years of experience gained at state-owned enterprises.<\/strong><\/p><p>\u00a0<\/p><p><span style=\"white-space: pre-wrap;\">At the time of foundation, in addition to the three engineers, a technician made up the team. The growing demands, the complexity of the work, and the need to increase productivity required continuous expansion. As a result, by 2006, 6 design engineers and 6 technicians staffed the office, and we had our own drilling team available for field work. <\/span><\/p><p>\u00a0<\/p><p><span style=\"white-space: pre-wrap;\">In addition to our own drilling team, we have a permanent partnership with several subcontractors to carry out further on-site and laboratory work. <\/span><span style=\"white-space: pre-wrap;\">The initial 80 expert opinion and design job numbers per year had already exceeded 400 by this time. <\/span><\/p><p>\u00a0<\/p><p><span style=\"white-space: pre-wrap;\">We managed to survive the years of the crisis starting in 2008 through restructuring and expanding our client base. Since 2013, the number of orders has been continuously growing, and in parallel, the number of employees is also increasing. Since 2015, the company name is: Petik M\u00e9rn\u00f6ki Szolg\u00e1ltat\u00f3 Kft. In the last 8 years, the number of annual projects was between 350 and 400.<\/span><\/p><p>\u00a0<\/p><p><span style=\"white-space: pre-wrap;\">Our clients include architects, structural engineers, real estate developers, contractors, and investors from both the public and private sectors.<\/span><\/p>\t\t\t\t\t\t\t\t<\/div>\n\t\t\t\t<\/div>\n\t\t<div class=\"elementor-element elementor-element-1a145fd e-con-full gray-container e-flex e-con e-child\" data-id=\"1a145fd\" data-element_type=\"container\" data-e-type=\"container\" data-settings=\"{&quot;background_background&quot;:&quot;classic&quot;}\">\n\t\t\t\t<div class=\"elementor-element elementor-element-6c03315 elementor-widget elementor-widget-text-editor\" data-id=\"6c03315\" data-element_type=\"widget\" data-e-type=\"widget\" data-widget_type=\"text-editor.default\">\n\t\t\t\t<div class=\"elementor-widget-container\">\n\t\t\t\t\t\t\t\t\t<h2>Company Structure<img decoding=\"async\" width=\"91\" height=\"91\" class=\"float-right m-n-20 alignnone wp-image-3219 size-full\" src=\"http:\/\/petikkft.hu\/wp-content\/uploads\/2026\/02\/posticon-cegfelepites.svg\" alt=\"\" \/><\/h2><ul><li><strong>Top management<\/strong>\u00a0Unchanged for 30 years<\/li><li><strong>Our engineers<\/strong>\u00a0Between 25 and 70 years old, 5 active members on average<\/li><li>Stable\u00a0<strong>Administrative<\/strong>\u00a0Staff<\/li><li>From 2020\u00a0<strong>Own soil mechanics laboratory<\/strong>, with state-of-the-art equipment, with a laboratory technician in our own employment<\/li><li>3-member\u00a0<strong>Own professional drilling team<\/strong>, with small and medium diameter drilling machines and a dynamic probing machine<\/li><li>For more than 10 years\u00a0<strong>Same accounting firm<\/strong>\u00a0Performs the accounting<\/li><li><strong>Reliable, permanent connection<\/strong> With the country's largest geotechnical, geophysical, and environmental companies.<\/li><\/ul>\t\t\t\t\t\t\t\t<\/div>\n\t\t\t\t<\/div>\n\t\t\t\t<\/div>\n\t\t\t\t<\/div>\n\t\t\t\t<div class=\"elementor-element elementor-element-9baec35 elementor-widget elementor-widget-image\" data-id=\"9baec35\" data-element_type=\"widget\" data-e-type=\"widget\" data-widget_type=\"image.default\">\n\t\t\t\t<div class=\"elementor-widget-container\">\n\t\t\t\t\t\t\t\t\t\t\t\t\t\t\t<img fetchpriority=\"high\" decoding=\"async\" width=\"250\" height=\"250\" src=\"https:\/\/petikkft.hu\/wp-content\/uploads\/2026\/02\/bigicon-rolunk.svg\" class=\"attachment-full size-full wp-image-3217\" alt=\"\" \/>\t\t\t\t\t\t\t\t\t\t\t\t\t\t\t<\/div>\n\t\t\t\t<\/div>\n\t\t\t\t\t<\/div>\n\t\t\t\t<\/div>\n\t\t\t\t<\/div>","protected":false},"excerpt":{"rendered":"<p>R\u00f3lunk Bemutatkoz\u00e1s A\u00a0Petik M\u00e9rn\u00f6ki Szolg\u00e1ltat\u00f3 Kft.\u00a0(teljesk\u00f6r\u0171 jogut\u00f3dja a Petik \u00e9s T\u00e1rsai Kft-nek) a Magyarorsz\u00e1gon m\u0171k\u00f6d\u0151 egyik legt\u00f6bbet foglalkoztatott talajmechanik\u00e1val \u00e9s m\u00e9ly\u00e9p\u00edt\u00e9si szerkezetek tervez\u00e9s\u00e9vel foglalkoz\u00f3 v\u00e1llalkoz\u00e1s. A c\u00e9get Petik \u00c1rp\u00e1d \u00e9s t\u00e1rsai alap\u00edtott\u00e1k 1991-ben. A h\u00e1rom tulajdonos mintegy 25 \u00e9ves \u00e1llami v\u00e1llalatn\u00e1l szerzett tapasztalattal ind\u00edtotta \u00fatj\u00e1ra a t\u00e1rsas\u00e1got. \u00a0 Az alap\u00edt\u00e1skor &hellip;<\/p>","protected":false},"author":2,"featured_media":0,"parent":0,"menu_order":0,"comment_status":"closed","ping_status":"closed","template":"elementor_header_footer","meta":{"inline_featured_image":false,"footnotes":""},"class_list":["post-3263","page","type-page","status-publish","hentry"],"_links":{"self":[{"href":"https:\/\/petikkft.hu\/en\/wp-json\/wp\/v2\/pages\/3263","targetHints":{"allow":["GET"]}}],"collection":[{"href":"https:\/\/petikkft.hu\/en\/wp-json\/wp\/v2\/pages"}],"about":[{"href":"https:\/\/petikkft.hu\/en\/wp-json\/wp\/v2\/types\/page"}],"author":[{"embeddable":true,"href":"https:\/\/petikkft.hu\/en\/wp-json\/wp\/v2\/users\/2"}],"replies":[{"embeddable":true,"href":"https:\/\/petikkft.hu\/en\/wp-json\/wp\/v2\/comments?post=3263"}],"version-history":[{"count":0,"href":"https:\/\/petikkft.hu\/en\/wp-json\/wp\/v2\/pages\/3263\/revisions"}],"wp:attachment":[{"href":"https:\/\/petikkft.hu\/en\/wp-json\/wp\/v2\/media?parent=3263"}],"curies":[{"name":"wp","href":"https:\/\/api.w.org\/{rel}","templated":true}]}}