{"id":2537,"date":"2025-06-05T13:28:09","date_gmt":"2025-06-05T11:28:09","guid":{"rendered":"https:\/\/petikkft.hu\/?page_id=2537"},"modified":"2026-03-27T15:05:54","modified_gmt":"2026-03-27T14:05:54","slug":"geodeziai-felmeres","status":"publish","type":"page","link":"https:\/\/petikkft.hu\/en\/geodeziai-felmeres\/","title":{"rendered":"Geodetic Survey"},"content":{"rendered":"<div data-elementor-type=\"wp-page\" data-elementor-id=\"2537\" class=\"elementor elementor-2537\">\n\t\t\t\t<div class=\"elementor-element elementor-element-b8a5ff6 banner-section brick-bg e-flex e-con-boxed e-con e-parent\" data-id=\"b8a5ff6\" data-element_type=\"container\" data-e-type=\"container\" data-settings=\"{&quot;background_background&quot;:&quot;classic&quot;}\">\n\t\t\t\t\t<div class=\"e-con-inner\">\n\t\t\t\t<div class=\"elementor-element elementor-element-49a018d elementor-widget elementor-widget-heading\" data-id=\"49a018d\" data-element_type=\"widget\" data-e-type=\"widget\" data-widget_type=\"heading.default\">\n\t\t\t\t<div class=\"elementor-widget-container\">\n\t\t\t\t\t<h2 class=\"elementor-heading-title elementor-size-default\">Our Services<\/h2>\t\t\t\t<\/div>\n\t\t\t\t<\/div>\n\t\t\t\t\t<\/div>\n\t\t\t\t<\/div>\n\t\t<div class=\"elementor-element elementor-element-787ed09 e-flex e-con-boxed e-con e-parent\" data-id=\"787ed09\" data-element_type=\"container\" data-e-type=\"container\">\n\t\t\t\t\t<div class=\"e-con-inner\">\n\t\t<div class=\"elementor-element elementor-element-d2b1166 e-con-full szolgaltatas-linkek elementor-hidden-mobile e-flex e-con e-child\" data-id=\"d2b1166\" data-element_type=\"container\" data-e-type=\"container\">\n\t\t\t\t<div class=\"elementor-element elementor-element-5ebd872 elementor-widget elementor-widget-ekit-nav-menu\" data-id=\"5ebd872\" data-element_type=\"widget\" data-e-type=\"widget\" data-widget_type=\"ekit-nav-menu.default\">\n\t\t\t\t<div class=\"elementor-widget-container\">\n\t\t\t\t\t\t\t<nav class=\"ekit-wid-con ekit_menu_responsive_mobile\"\n\t\t\tdata-hamburger-icon=\"\"\n\t\t\tdata-hamburger-icon-type=\"icon\"\n\t\t\tdata-responsive-breakpoint=\"767\">\n\t\t\t            <button class=\"elementskit-menu-hamburger elementskit-menu-toggler\"  type=\"button\" aria-label=\"hamburger-icon\">\n                                    <span class=\"elementskit-menu-hamburger-icon\"><\/span><span class=\"elementskit-menu-hamburger-icon\"><\/span><span class=\"elementskit-menu-hamburger-icon\"><\/span>\n                            <\/button>\n            <div id=\"ekit-megamenu-szolgaltatasok\" class=\"elementskit-menu-container elementskit-menu-offcanvas-elements elementskit-navbar-nav-default ekit-nav-menu-one-page-no ekit-nav-dropdown-hover\"><ul id=\"menu-szolgaltatasok\" class=\"elementskit-navbar-nav elementskit-menu-po-left submenu-click-on-icon\"><li id=\"menu-item-3654\" class=\"menu-item menu-item-type-post_type menu-item-object-page\"><a href=\"https:\/\/petikkft.hu\/en\/talajvizsgalati-jelentes-es-geotechnikai-tervezesi-beszamolo\/\">Soil Investigation Report<\/a><\/li>\n<li id=\"menu-item-3653\" class=\"menu-item menu-item-type-post_type menu-item-object-page\"><a href=\"https:\/\/petikkft.hu\/en\/alapozas-tervezese-epitmenyekhez-a-kulonbozo-tervfazisokban\/\">Foundation Design<\/a><\/li>\n<li id=\"menu-item-3651\" class=\"menu-item menu-item-type-post_type menu-item-object-page\"><a href=\"https:\/\/petikkft.hu\/en\/alapmegerosites-tervezes\/\">Foundation Reinforcement Design<\/a><\/li>\n<li id=\"menu-item-3652\" class=\"menu-item menu-item-type-post_type menu-item-object-page\"><a href=\"https:\/\/petikkft.hu\/en\/munkagodor-korulzaras-tervezese\/\">Excavation Support System Design<\/a><\/li>\n<li id=\"menu-item-3650\" class=\"menu-item menu-item-type-post_type menu-item-object-page\"><a href=\"https:\/\/petikkft.hu\/en\/rezsuallekonysag-stabilitas-vizsgalata\/\">Slope Stability Analysis<\/a><\/li>\n<li id=\"menu-item-3649\" class=\"menu-item menu-item-type-post_type menu-item-object-page\"><a href=\"https:\/\/petikkft.hu\/en\/geotechnikai-szakfelugyelet-ellatasa\/\">Provision of Geotechnical Supervision<\/a><\/li>\n<li id=\"menu-item-3655\" class=\"menu-item menu-item-type-post_type menu-item-object-page\"><a href=\"https:\/\/petikkft.hu\/en\/allapotfelvetel\/\">Condition Survey<\/a><\/li>\n<li id=\"menu-item-3648\" class=\"menu-item menu-item-type-post_type menu-item-object-page\"><a href=\"https:\/\/petikkft.hu\/en\/talaj-es-talajviz-szennyezettsegi-elovizsgalatok\/\">Soil and Groundwater Contamination Preliminary Studies<\/a><\/li>\n<li id=\"menu-item-3647\" class=\"menu-item menu-item-type-post_type menu-item-object-page\"><a href=\"https:\/\/petikkft.hu\/en\/igazsagugyi-szakertes\/\">Forensic Engineering<\/a><\/li>\n<li id=\"menu-item-3646\" class=\"menu-item menu-item-type-post_type menu-item-object-page\"><a href=\"https:\/\/petikkft.hu\/en\/geodeziai-felmeres\/\">Geodetic Survey<\/a><\/li>\n<\/ul><div class=\"elementskit-nav-identity-panel\"><button class=\"elementskit-menu-close elementskit-menu-toggler\" type=\"button\">X<\/button><\/div><\/div>\n\t\t\t<div class=\"elementskit-menu-overlay elementskit-menu-offcanvas-elements elementskit-menu-toggler ekit-nav-menu--overlay\"><\/div>        <\/nav>\n\t\t\t\t\t\t<\/div>\n\t\t\t\t<\/div>\n\t\t\t\t<\/div>\n\t\t<div class=\"elementor-element elementor-element-54a7625 e-flex e-con-boxed e-con e-child\" data-id=\"54a7625\" data-element_type=\"container\" data-e-type=\"container\">\n\t\t\t\t\t<div class=\"e-con-inner\">\n\t\t<div class=\"elementor-element elementor-element-2c9385c e-con-full e-flex e-con e-child\" data-id=\"2c9385c\" data-element_type=\"container\" data-e-type=\"container\">\n\t\t\t\t<div class=\"elementor-element elementor-element-0837be5 title elementor-widget elementor-widget-heading\" data-id=\"0837be5\" data-element_type=\"widget\" data-e-type=\"widget\" data-widget_type=\"heading.default\">\n\t\t\t\t<div class=\"elementor-widget-container\">\n\t\t\t\t\t<h2 class=\"elementor-heading-title elementor-size-default\">Geodetic Survey <\/h2>\t\t\t\t<\/div>\n\t\t\t\t<\/div>\n\t\t\t\t<div class=\"elementor-element elementor-element-f5f9db7 elementor-widget elementor-widget-text-editor\" data-id=\"f5f9db7\" data-element_type=\"widget\" data-e-type=\"widget\" data-widget_type=\"text-editor.default\">\n\t\t\t\t<div class=\"elementor-widget-container\">\n\t\t\t\t\t\t\t\t\t<p>Geodetic survey, preparation of a design map, whether it is a family house, a greenfield investment, or the design of an industrial park. We perform the survey with the most modern equipment, surveying large areas with a drone if necessary. In addition to surveying plots and buildings, we perform continuous monitoring to observe the movements of slopes, retaining walls, and structures.<\/p>\t\t\t\t\t\t\t\t<\/div>\n\t\t\t\t<\/div>\n\t\t\t\t<div class=\"elementor-element elementor-element-613fc63 carousel-with-caption elementor-arrows-position-inside elementor-widget elementor-widget-image-carousel\" data-id=\"613fc63\" data-element_type=\"widget\" data-e-type=\"widget\" data-settings=\"{&quot;slides_to_show&quot;:&quot;1&quot;,&quot;navigation&quot;:&quot;arrows&quot;,&quot;lazyload&quot;:&quot;yes&quot;,&quot;autoplay&quot;:&quot;yes&quot;,&quot;pause_on_interaction&quot;:&quot;yes&quot;,&quot;autoplay_speed&quot;:5000,&quot;infinite&quot;:&quot;yes&quot;,&quot;effect&quot;:&quot;slide&quot;,&quot;speed&quot;:500}\" data-widget_type=\"image-carousel.default\">\n\t\t\t\t<div class=\"elementor-widget-container\">\n\t\t\t\t\t\t\t<div class=\"elementor-image-carousel-wrapper swiper\" role=\"region\" aria-roledescription=\"carousel\" aria-label=\"Image Carousel\" dir=\"ltr\">\n\t\t\t<div class=\"elementor-image-carousel swiper-wrapper\" aria-live=\"off\">\n\t\t\t\t\t\t\t\t<div class=\"swiper-slide\" role=\"group\" aria-roledescription=\"slide\" aria-label=\"1 \/ 5\"><a data-elementor-open-lightbox=\"yes\" data-elementor-lightbox-slideshow=\"613fc63\" data-elementor-lightbox-description=\"Sz\u00e1zhalombatta, hirtelen bek\u00f6vetkezett felsz\u00ednmozg\u00e1st k\u00f6vet\u0151 monitoring m\u00e9r\u00e9s dr\u00f3nnal, mivel a ter\u00fclet biztons\u00e1gosan nem volt megk\u00f6zel\u00edthet\u0151\" data-e-action-hash=\"#elementor-action%3Aaction%3Dlightbox%26settings%3DeyJpZCI6MjQ2MiwidXJsIjoiaHR0cHM6XC9cL3BldGlra2Z0Lmh1XC93cC1jb250ZW50XC91cGxvYWRzXC8yMDI1XC8wNlwvU3phemhhbG9tYmF0dGEyLXNjYWxlZC5qcGciLCJzbGlkZXNob3ciOiI2MTNmYzYzIn0%3D\" href=\"https:\/\/petikkft.hu\/wp-content\/uploads\/2025\/06\/Szazhalombatta2-scaled.jpg\"><figure class=\"swiper-slide-inner\"><img class=\"swiper-slide-image swiper-lazy\" data-src=\"https:\/\/petikkft.hu\/wp-content\/uploads\/2025\/06\/Szazhalombatta2-scaled.jpg\" alt=\"Sz\u00e1zhalombatta, hirtelen bek\u00f6vetkezett felsz\u00ednmozg\u00e1st k\u00f6vet\u0151 monitoring m\u00e9r\u00e9s dr\u00f3nnal, mivel a ter\u00fclet biztons\u00e1gosan nem volt megk\u00f6zel\u00edthet\u0151\" \/><div class=\"swiper-lazy-preloader\"><\/div><figcaption class=\"elementor-image-carousel-caption\">Monitoring measurement with a drone following a sudden surface movement in Sz\u00e1zhalombatta, as the area could not be approached safely<\/figcaption><\/figure><\/a><\/div><div class=\"swiper-slide\" role=\"group\" aria-roledescription=\"slide\" aria-label=\"2 \/ 5\"><a data-elementor-open-lightbox=\"yes\" data-elementor-lightbox-slideshow=\"613fc63\" data-elementor-lightbox-description=\"Sz\u00e1zhalombatta, hirtelen bek\u00f6vetkezett felsz\u00ednmozg\u00e1st k\u00f6vet\u0151 monitoring m\u00e9r\u00e9s dr\u00f3nnal, mivel a ter\u00fclet biztons\u00e1gosan nem volt megk\u00f6zel\u00edthet\u0151\" data-e-action-hash=\"#elementor-action%3Aaction%3Dlightbox%26settings%3DeyJpZCI6MjQ2MSwidXJsIjoiaHR0cHM6XC9cL3BldGlra2Z0Lmh1XC93cC1jb250ZW50XC91cGxvYWRzXC8yMDI1XC8wNlwvU3phemhhbG9tYmF0dGEtc2NhbGVkLmpwZyIsInNsaWRlc2hvdyI6IjYxM2ZjNjMifQ%3D%3D\" href=\"https:\/\/petikkft.hu\/wp-content\/uploads\/2025\/06\/Szazhalombatta-scaled.jpg\"><figure class=\"swiper-slide-inner\"><img class=\"swiper-slide-image swiper-lazy\" data-src=\"https:\/\/petikkft.hu\/wp-content\/uploads\/2025\/06\/Szazhalombatta-scaled.jpg\" alt=\"Sz\u00e1zhalombatta, hirtelen bek\u00f6vetkezett felsz\u00ednmozg\u00e1st k\u00f6vet\u0151 monitoring m\u00e9r\u00e9s dr\u00f3nnal, mivel a ter\u00fclet biztons\u00e1gosan nem volt megk\u00f6zel\u00edthet\u0151\" \/><div class=\"swiper-lazy-preloader\"><\/div><figcaption class=\"elementor-image-carousel-caption\">Monitoring measurement with a drone following a sudden surface movement in Sz\u00e1zhalombatta, as the area could not be approached safely<\/figcaption><\/figure><\/a><\/div><div class=\"swiper-slide\" role=\"group\" aria-roledescription=\"slide\" aria-label=\"3 \/ 5\"><a data-elementor-open-lightbox=\"yes\" data-elementor-lightbox-slideshow=\"613fc63\" data-elementor-lightbox-description=\"Tengelic, sil\u00f3k d\u0151l\u00e9s\u00e9nek, s\u00fcllyed\u00e9s\u00e9nek monitoroz\u00e1sa\" data-e-action-hash=\"#elementor-action%3Aaction%3Dlightbox%26settings%3DeyJpZCI6MjQ2MCwidXJsIjoiaHR0cHM6XC9cL3BldGlra2Z0Lmh1XC93cC1jb250ZW50XC91cGxvYWRzXC8yMDI1XC8wNlwvU2lsby1zY2FsZWQuanBnIiwic2xpZGVzaG93IjoiNjEzZmM2MyJ9\" href=\"https:\/\/petikkft.hu\/wp-content\/uploads\/2025\/06\/Silo-scaled.jpg\"><figure class=\"swiper-slide-inner\"><img class=\"swiper-slide-image swiper-lazy\" data-src=\"https:\/\/petikkft.hu\/wp-content\/uploads\/2025\/06\/Silo-scaled.jpg\" alt=\"Tengelic, sil\u00f3k d\u0151l\u00e9s\u00e9nek, s\u00fcllyed\u00e9s\u00e9nek monitoroz\u00e1sa\" \/><div class=\"swiper-lazy-preloader\"><\/div><figcaption class=\"elementor-image-carousel-caption\">Monitoring the tilting and sinking of silos in Tengelic<\/figcaption><\/figure><\/a><\/div><div class=\"swiper-slide\" role=\"group\" aria-roledescription=\"slide\" aria-label=\"4 \/ 5\"><a data-elementor-open-lightbox=\"yes\" data-elementor-lightbox-slideshow=\"613fc63\" data-elementor-lightbox-description=\"Biatorb\u00e1gy, Premier Outlet a gabion fal t\u00falzott m\u00e9rt\u00e9k\u0171 d\u0151l\u00e9se miatt sz\u00fcks\u00e9ges beavatkoz\u00e1sok, \u00e1talak\u00edt\u00e1sok megtervez\u00e9se, majd a monitoring folytat\u00e1sa\" data-e-action-hash=\"#elementor-action%3Aaction%3Dlightbox%26settings%3DeyJpZCI6MjQ1OSwidXJsIjoiaHR0cHM6XC9cL3BldGlra2Z0Lmh1XC93cC1jb250ZW50XC91cGxvYWRzXC8yMDI1XC8wNlwvQmlhdG9yYmFneTIuanBnIiwic2xpZGVzaG93IjoiNjEzZmM2MyJ9\" href=\"https:\/\/petikkft.hu\/wp-content\/uploads\/2025\/06\/Biatorbagy2.jpg\"><figure class=\"swiper-slide-inner\"><img class=\"swiper-slide-image swiper-lazy\" data-src=\"https:\/\/petikkft.hu\/wp-content\/uploads\/2025\/06\/Biatorbagy2.jpg\" alt=\"Biatorb\u00e1gy, Premier Outlet a gabion fal t\u00falzott m\u00e9rt\u00e9k\u0171 d\u0151l\u00e9se miatt sz\u00fcks\u00e9ges beavatkoz\u00e1sok, \u00e1talak\u00edt\u00e1sok megtervez\u00e9se, majd a monitoring folytat\u00e1sa\" \/><div class=\"swiper-lazy-preloader\"><\/div><figcaption class=\"elementor-image-carousel-caption\">Biatorb\u00e1gy, Premier Outlet design of interventions and modifications necessary due to the excessive tilting of the gabion wall, then continuation of monitoring<\/figcaption><\/figure><\/a><\/div><div class=\"swiper-slide\" role=\"group\" aria-roledescription=\"slide\" aria-label=\"5 \/ 5\"><a data-elementor-open-lightbox=\"yes\" data-elementor-lightbox-slideshow=\"613fc63\" data-elementor-lightbox-description=\"Biatorb\u00e1gy, Premier Outlet gabion t\u00e1mfal\u00e1nak \u00e9s \u00e9p\u00fcleteinek folyamatos mozg\u00e1sm\u00e9r\u00e9se\" data-e-action-hash=\"#elementor-action%3Aaction%3Dlightbox%26settings%3DeyJpZCI6MjQ1OCwidXJsIjoiaHR0cHM6XC9cL3BldGlra2Z0Lmh1XC93cC1jb250ZW50XC91cGxvYWRzXC8yMDI1XC8wNlwvQmlhdG9yYmFneS5qcGciLCJzbGlkZXNob3ciOiI2MTNmYzYzIn0%3D\" href=\"https:\/\/petikkft.hu\/wp-content\/uploads\/2025\/06\/Biatorbagy.jpg\"><figure class=\"swiper-slide-inner\"><img class=\"swiper-slide-image swiper-lazy\" data-src=\"https:\/\/petikkft.hu\/wp-content\/uploads\/2025\/06\/Biatorbagy.jpg\" alt=\"Biatorb\u00e1gy, Premier Outlet gabion t\u00e1mfal\u00e1nak \u00e9s \u00e9p\u00fcleteinek folyamatos mozg\u00e1sm\u00e9r\u00e9se\" \/><div class=\"swiper-lazy-preloader\"><\/div><figcaption class=\"elementor-image-carousel-caption\">Biatorb\u00e1gy, Premier Outlet continuous movement measurement of its gabion retaining wall and buildings<\/figcaption><\/figure><\/a><\/div>\t\t\t<\/div>\n\t\t\t\t\t\t\t\t\t\t\t\t<div class=\"elementor-swiper-button elementor-swiper-button-prev\" role=\"button\" tabindex=\"0\">\n\t\t\t\t\t\t<svg xmlns=\"http:\/\/www.w3.org\/2000\/svg\" width=\"57\" height=\"57\" viewbox=\"0 0 57 57\" fill=\"none\"><rect x=\"28.2842\" y=\"56.5685\" width=\"40\" height=\"40\" rx=\"10\" transform=\"rotate(-135 28.2842 56.5685)\" fill=\"#E7FF60\"><\/rect><path d=\"M40.5674 30.0685C41.3959 30.0685 42.0674 29.397 42.0674 28.5685C42.0674 27.7401 41.3959 27.0685 40.5674 27.0685L40.5674 28.5685L40.5674 30.0685ZM17.5068 27.5079C16.921 28.0937 16.921 29.0434 17.5068 29.6292L27.0527 39.1751C27.6385 39.7609 28.5883 39.7609 29.174 39.1751C29.7598 38.5894 29.7598 37.6396 29.174 37.0538L20.6888 28.5685L29.174 20.0833C29.7598 19.4975 29.7598 18.5477 29.174 17.9619C28.5883 17.3762 27.6385 17.3762 27.0527 17.9619L17.5068 27.5079ZM40.5674 28.5685L40.5674 27.0685L18.5674 27.0685L18.5674 28.5685L18.5674 30.0685L40.5674 30.0685L40.5674 28.5685Z\" fill=\"#036600\"><\/path><\/svg>\t\t\t\t\t<\/div>\n\t\t\t\t\t<div class=\"elementor-swiper-button elementor-swiper-button-next\" role=\"button\" tabindex=\"0\">\n\t\t\t\t\t\t<svg xmlns=\"http:\/\/www.w3.org\/2000\/svg\" width=\"57\" height=\"57\" viewbox=\"0 0 57 57\" fill=\"none\"><rect x=\"28.2842\" width=\"40\" height=\"40\" rx=\"10\" transform=\"rotate(45 28.2842 0)\" fill=\"#E7FF60\"><\/rect><path d=\"M16.001 26.5C15.1725 26.5 14.501 27.1716 14.501 28C14.501 28.8284 15.1725 29.5 16.001 29.5L16.001 28L16.001 26.5ZM39.0616 29.0607C39.6474 28.4749 39.6474 27.5251 39.0616 26.9393L29.5157 17.3934C28.9299 16.8076 27.9802 16.8076 27.3944 17.3934C26.8086 17.9792 26.8086 18.9289 27.3944 19.5147L35.8797 28L27.3944 36.4853C26.8086 37.0711 26.8086 38.0208 27.3944 38.6066C27.9802 39.1924 28.9299 39.1924 29.5157 38.6066L39.0616 29.0607ZM16.001 28L16.001 29.5L38.001 29.5L38.001 28L38.001 26.5L16.001 26.5L16.001 28Z\" fill=\"#036600\"><\/path><\/svg>\t\t\t\t\t<\/div>\n\t\t\t\t\n\t\t\t\t\t\t\t\t\t<\/div>\n\t\t\t\t\t\t<\/div>\n\t\t\t\t<\/div>\n\t\t<div class=\"elementor-element elementor-element-236293c e-con-full gray-container e-flex e-con e-child\" data-id=\"236293c\" data-element_type=\"container\" data-e-type=\"container\">\n\t\t\t\t<div class=\"elementor-element elementor-element-1386aa4 elementor-widget elementor-widget-text-editor\" data-id=\"1386aa4\" data-element_type=\"widget\" data-e-type=\"widget\" data-widget_type=\"text-editor.default\">\n\t\t\t\t<div class=\"elementor-widget-container\">\n\t\t\t\t\t\t\t\t\t<h2>Our references<img decoding=\"async\" class=\"float-right m-n-20 alignnone wp-image-3221 size-full\" src=\"http:\/\/petikkft.hu\/wp-content\/uploads\/2026\/02\/posticon-referenciaink.svg\" alt=\"\" width=\"91\" height=\"91\" \/><\/h2>\n<strong>Some of our more significant references related to the activity:<\/strong>\n<ul>\n \t<li>Sz\u00e1zhalombatta, drone monitoring<\/li>\n<li>Biatorb\u00e1gy, Premier Outlet<\/li>\n<li>Tengelic, silos<\/li>\n<\/ul>\t\t\t\t\t\t\t\t<\/div>\n\t\t\t\t<\/div>\n\t\t\t\t<\/div>\n\t\t<div class=\"elementor-element elementor-element-f76bf93 brick-bg quickoffer-container e-con-full e-flex e-con e-child\" data-id=\"f76bf93\" data-element_type=\"container\" data-e-type=\"container\">\n\t\t<div class=\"elementor-element elementor-element-acad6f2 e-con-full e-flex e-con e-child\" data-id=\"acad6f2\" data-element_type=\"container\" data-e-type=\"container\">\n\t\t\t\t<div class=\"elementor-element elementor-element-cf04e60 elementor-widget__width-initial elementor-widget elementor-widget-text-editor\" data-id=\"cf04e60\" data-element_type=\"widget\" data-e-type=\"widget\" data-widget_type=\"text-editor.default\">\n\t\t\t\t<div class=\"elementor-widget-container\">\n\t\t\t\t\t\t\t\t\t<a class=\"btn btn-accent\" href=\"\/en\/kapcsolat\/\" style=\"white-space:nowrap\">Get a Quick Quote<\/a>\t\t\t\t\t\t\t\t<\/div>\n\t\t\t\t<\/div>\n\t\t\t\t<\/div>\n\t\t<div class=\"elementor-element elementor-element-ad712e3 e-con-full e-flex e-con e-child\" data-id=\"ad712e3\" data-element_type=\"container\" data-e-type=\"container\">\n\t\t\t\t<div class=\"elementor-element elementor-element-de14a0c elementor-widget elementor-widget-text-editor\" data-id=\"de14a0c\" data-element_type=\"widget\" data-e-type=\"widget\" data-widget_type=\"text-editor.default\">\n\t\t\t\t<div class=\"elementor-widget-container\">\n\t\t\t\t\t\t\t\t\t<a class=\"text-white arrow-link\" href=\"\/en\/talajvizsgalati-jelentes-es-geotechnikai-tervezesi-beszamolo\/\">Soil Investigation Report and Geotechnical Design Report<\/a>\t\t\t\t\t\t\t\t<\/div>\n\t\t\t\t<\/div>\n\t\t\t\t<\/div>\n\t\t\t\t<\/div>\n\t\t\t\t<\/div>\n\t\t\t\t\t<\/div>\n\t\t\t\t<\/div>\n\t\t\t\t\t<\/div>\n\t\t\t\t<\/div>\n\t\t\t\t<\/div>","protected":false},"excerpt":{"rendered":"<p>Szolg\u00e1ltat\u00e1sok Talajvizsg\u00e1lati jelent\u00e9s Alapoz\u00e1s tervez\u00e9se Alapmeger\u0151s\u00edt\u00e9s tervez\u00e9s Munkag\u00f6d\u00f6r k\u00f6r\u00fclz\u00e1r\u00e1s tervez\u00e9se R\u00e9zs\u0171\u00e1ll\u00e9konys\u00e1g, stabilit\u00e1s vizsg\u00e1lata Geotechnikai szakfel\u00fcgyelet ell\u00e1t\u00e1sa \u00c1llapotfelv\u00e9tel Talaj- \u00e9s talajv\u00edz- szennyezetts\u00e9gi el\u0151vizsg\u00e1latok Igazs\u00e1g\u00fcgyi szak\u00e9rt\u00e9s Geod\u00e9ziai felm\u00e9r\u00e9s X Geod\u00e9ziai felm\u00e9r\u00e9s Geod\u00e9ziai felm\u00e9r\u00e9s, tervez\u00e9si t\u00e9rk\u00e9p k\u00e9sz\u00edt\u00e9se ak\u00e1r csal\u00e1di h\u00e1zr\u00f3l, ak\u00e1r z\u00f6ld mez\u0151s beruh\u00e1z\u00e1sr\u00f3l, ipari park kialak\u00edt\u00e1s\u00e1r\u00f3l van sz\u00f3. A felm\u00e9r\u00e9st a legmodernebb &hellip;<\/p>","protected":false},"author":1,"featured_media":0,"parent":0,"menu_order":0,"comment_status":"closed","ping_status":"closed","template":"elementor_header_footer","meta":{"inline_featured_image":false,"footnotes":""},"class_list":["post-2537","page","type-page","status-publish","hentry"],"_links":{"self":[{"href":"https:\/\/petikkft.hu\/en\/wp-json\/wp\/v2\/pages\/2537","targetHints":{"allow":["GET"]}}],"collection":[{"href":"https:\/\/petikkft.hu\/en\/wp-json\/wp\/v2\/pages"}],"about":[{"href":"https:\/\/petikkft.hu\/en\/wp-json\/wp\/v2\/types\/page"}],"author":[{"embeddable":true,"href":"https:\/\/petikkft.hu\/en\/wp-json\/wp\/v2\/users\/1"}],"replies":[{"embeddable":true,"href":"https:\/\/petikkft.hu\/en\/wp-json\/wp\/v2\/comments?post=2537"}],"version-history":[{"count":3,"href":"https:\/\/petikkft.hu\/en\/wp-json\/wp\/v2\/pages\/2537\/revisions"}],"predecessor-version":[{"id":4577,"href":"https:\/\/petikkft.hu\/en\/wp-json\/wp\/v2\/pages\/2537\/revisions\/4577"}],"wp:attachment":[{"href":"https:\/\/petikkft.hu\/en\/wp-json\/wp\/v2\/media?parent=2537"}],"curies":[{"name":"wp","href":"https:\/\/api.w.org\/{rel}","templated":true}]}}