{"id":2236,"date":"2025-03-01T20:07:07","date_gmt":"2025-03-01T19:07:07","guid":{"rendered":"https:\/\/3.120.175.82\/?page_id=2236"},"modified":"2026-03-27T15:01:52","modified_gmt":"2026-03-27T14:01:52","slug":"geotechnikai-szakfelugyelet-ellatasa","status":"publish","type":"page","link":"https:\/\/petikkft.hu\/en\/geotechnikai-szakfelugyelet-ellatasa\/","title":{"rendered":"Provision of Geotechnical Supervision"},"content":{"rendered":"<div data-elementor-type=\"wp-page\" data-elementor-id=\"2236\" class=\"elementor elementor-2236\">\n\t\t\t\t<div class=\"elementor-element elementor-element-f7a9799 banner-section brick-bg e-flex e-con-boxed e-con e-parent\" data-id=\"f7a9799\" data-element_type=\"container\" data-e-type=\"container\" data-settings=\"{&quot;background_background&quot;:&quot;classic&quot;}\">\n\t\t\t\t\t<div class=\"e-con-inner\">\n\t\t\t\t<div class=\"elementor-element elementor-element-4023516 elementor-widget elementor-widget-heading\" data-id=\"4023516\" data-element_type=\"widget\" data-e-type=\"widget\" data-widget_type=\"heading.default\">\n\t\t\t\t<div class=\"elementor-widget-container\">\n\t\t\t\t\t<h2 class=\"elementor-heading-title elementor-size-default\">Our Services<\/h2>\t\t\t\t<\/div>\n\t\t\t\t<\/div>\n\t\t\t\t\t<\/div>\n\t\t\t\t<\/div>\n\t\t<div class=\"elementor-element elementor-element-0f4b432 e-flex e-con-boxed e-con e-parent\" data-id=\"0f4b432\" data-element_type=\"container\" data-e-type=\"container\">\n\t\t\t\t\t<div class=\"e-con-inner\">\n\t\t<div class=\"elementor-element elementor-element-a6a8da4 e-con-full szolgaltatas-linkek elementor-hidden-mobile e-flex e-con e-child\" data-id=\"a6a8da4\" data-element_type=\"container\" data-e-type=\"container\">\n\t\t\t\t<div class=\"elementor-element elementor-element-6e73618 elementor-widget elementor-widget-ekit-nav-menu\" data-id=\"6e73618\" data-element_type=\"widget\" data-e-type=\"widget\" data-widget_type=\"ekit-nav-menu.default\">\n\t\t\t\t<div class=\"elementor-widget-container\">\n\t\t\t\t\t\t\t<nav class=\"ekit-wid-con ekit_menu_responsive_mobile\"\n\t\t\tdata-hamburger-icon=\"\"\n\t\t\tdata-hamburger-icon-type=\"icon\"\n\t\t\tdata-responsive-breakpoint=\"767\">\n\t\t\t            <button class=\"elementskit-menu-hamburger elementskit-menu-toggler\"  type=\"button\" aria-label=\"hamburger-icon\">\n                                    <span class=\"elementskit-menu-hamburger-icon\"><\/span><span class=\"elementskit-menu-hamburger-icon\"><\/span><span class=\"elementskit-menu-hamburger-icon\"><\/span>\n                            <\/button>\n            <div id=\"ekit-megamenu-szolgaltatasok\" class=\"elementskit-menu-container elementskit-menu-offcanvas-elements elementskit-navbar-nav-default ekit-nav-menu-one-page-no ekit-nav-dropdown-hover\"><ul id=\"menu-szolgaltatasok\" class=\"elementskit-navbar-nav elementskit-menu-po-left submenu-click-on-icon\"><li id=\"menu-item-3654\" class=\"menu-item menu-item-type-post_type menu-item-object-page\"><a href=\"https:\/\/petikkft.hu\/en\/talajvizsgalati-jelentes-es-geotechnikai-tervezesi-beszamolo\/\">Soil Investigation Report<\/a><\/li>\n<li id=\"menu-item-3653\" class=\"menu-item menu-item-type-post_type menu-item-object-page\"><a href=\"https:\/\/petikkft.hu\/en\/alapozas-tervezese-epitmenyekhez-a-kulonbozo-tervfazisokban\/\">Foundation Design<\/a><\/li>\n<li id=\"menu-item-3651\" class=\"menu-item menu-item-type-post_type menu-item-object-page\"><a href=\"https:\/\/petikkft.hu\/en\/alapmegerosites-tervezes\/\">Foundation Reinforcement Design<\/a><\/li>\n<li id=\"menu-item-3652\" class=\"menu-item menu-item-type-post_type menu-item-object-page\"><a href=\"https:\/\/petikkft.hu\/en\/munkagodor-korulzaras-tervezese\/\">Excavation Support System Design<\/a><\/li>\n<li id=\"menu-item-3650\" class=\"menu-item menu-item-type-post_type menu-item-object-page\"><a href=\"https:\/\/petikkft.hu\/en\/rezsuallekonysag-stabilitas-vizsgalata\/\">Slope Stability Analysis<\/a><\/li>\n<li id=\"menu-item-3649\" class=\"menu-item menu-item-type-post_type menu-item-object-page\"><a href=\"https:\/\/petikkft.hu\/en\/geotechnikai-szakfelugyelet-ellatasa\/\">Provision of Geotechnical Supervision<\/a><\/li>\n<li id=\"menu-item-3655\" class=\"menu-item menu-item-type-post_type menu-item-object-page\"><a href=\"https:\/\/petikkft.hu\/en\/allapotfelvetel\/\">Condition Survey<\/a><\/li>\n<li id=\"menu-item-3648\" class=\"menu-item menu-item-type-post_type menu-item-object-page\"><a href=\"https:\/\/petikkft.hu\/en\/talaj-es-talajviz-szennyezettsegi-elovizsgalatok\/\">Soil and Groundwater Contamination Preliminary Studies<\/a><\/li>\n<li id=\"menu-item-3647\" class=\"menu-item menu-item-type-post_type menu-item-object-page\"><a href=\"https:\/\/petikkft.hu\/en\/igazsagugyi-szakertes\/\">Forensic Engineering<\/a><\/li>\n<li id=\"menu-item-3646\" class=\"menu-item menu-item-type-post_type menu-item-object-page\"><a href=\"https:\/\/petikkft.hu\/en\/geodeziai-felmeres\/\">Geodetic Survey<\/a><\/li>\n<\/ul><div class=\"elementskit-nav-identity-panel\"><button class=\"elementskit-menu-close elementskit-menu-toggler\" type=\"button\">X<\/button><\/div><\/div>\n\t\t\t<div class=\"elementskit-menu-overlay elementskit-menu-offcanvas-elements elementskit-menu-toggler ekit-nav-menu--overlay\"><\/div>        <\/nav>\n\t\t\t\t\t\t<\/div>\n\t\t\t\t<\/div>\n\t\t\t\t<\/div>\n\t\t<div class=\"elementor-element elementor-element-a311ed8 e-flex e-con-boxed e-con e-child\" data-id=\"a311ed8\" data-element_type=\"container\" data-e-type=\"container\">\n\t\t\t\t\t<div class=\"e-con-inner\">\n\t\t<div class=\"elementor-element elementor-element-70cf149 e-con-full e-flex e-con e-child\" data-id=\"70cf149\" data-element_type=\"container\" data-e-type=\"container\">\n\t\t\t\t<div class=\"elementor-element elementor-element-a739954 title elementor-widget elementor-widget-heading\" data-id=\"a739954\" data-element_type=\"widget\" data-e-type=\"widget\" data-widget_type=\"heading.default\">\n\t\t\t\t<div class=\"elementor-widget-container\">\n\t\t\t\t\t<h2 class=\"elementor-heading-title elementor-size-default\">Provision of Geotechnical Supervision<\/h2>\t\t\t\t<\/div>\n\t\t\t\t<\/div>\n\t\t\t\t<div class=\"elementor-element elementor-element-2d81bac elementor-widget elementor-widget-text-editor\" data-id=\"2d81bac\" data-element_type=\"widget\" data-e-type=\"widget\" data-widget_type=\"text-editor.default\">\n\t\t\t\t<div class=\"elementor-widget-container\">\n\t\t\t\t\t\t\t\t\t<p>Assuming a checking, approving engineering role, primarily during the construction of motorways and expressways, as well as providing continuous geotechnical supervision during the excavation of construction pits.<\/p>\t\t\t\t\t\t\t\t<\/div>\n\t\t\t\t<\/div>\n\t\t\t\t<div class=\"elementor-element elementor-element-7a8fd15 carousel-with-caption elementor-arrows-position-inside elementor-widget elementor-widget-image-carousel\" data-id=\"7a8fd15\" data-element_type=\"widget\" data-e-type=\"widget\" data-settings=\"{&quot;slides_to_show&quot;:&quot;1&quot;,&quot;navigation&quot;:&quot;arrows&quot;,&quot;lazyload&quot;:&quot;yes&quot;,&quot;autoplay&quot;:&quot;yes&quot;,&quot;pause_on_interaction&quot;:&quot;yes&quot;,&quot;autoplay_speed&quot;:5000,&quot;infinite&quot;:&quot;yes&quot;,&quot;effect&quot;:&quot;slide&quot;,&quot;speed&quot;:500}\" data-widget_type=\"image-carousel.default\">\n\t\t\t\t<div class=\"elementor-widget-container\">\n\t\t\t\t\t\t\t<div class=\"elementor-image-carousel-wrapper swiper\" role=\"region\" aria-roledescription=\"carousel\" aria-label=\"Image Carousel\" dir=\"ltr\">\n\t\t\t<div class=\"elementor-image-carousel swiper-wrapper\" aria-live=\"off\">\n\t\t\t\t\t\t\t\t<div class=\"swiper-slide\" role=\"group\" aria-roledescription=\"slide\" aria-label=\"1 \/ 5\"><a data-elementor-open-lightbox=\"yes\" data-elementor-lightbox-slideshow=\"7a8fd15\" data-elementor-lightbox-description=\"Aut\u00f3p\u00e1lya kivitelez\u00e9se\" data-e-action-hash=\"#elementor-action%3Aaction%3Dlightbox%26settings%3DeyJpZCI6MjQ2NCwidXJsIjoiaHR0cHM6XC9cL3BldGlra2Z0Lmh1XC93cC1jb250ZW50XC91cGxvYWRzXC8yMDI1XC8wNlwvQXV0b3BhbHlhMi5qcGciLCJzbGlkZXNob3ciOiI3YThmZDE1In0%3D\" href=\"https:\/\/petikkft.hu\/wp-content\/uploads\/2025\/06\/Autopalya2.jpg\"><figure class=\"swiper-slide-inner\"><img class=\"swiper-slide-image swiper-lazy\" data-src=\"https:\/\/petikkft.hu\/wp-content\/uploads\/2025\/06\/Autopalya2.jpg\" alt=\"Aut\u00f3p\u00e1lya kivitelez\u00e9se\" \/><div class=\"swiper-lazy-preloader\"><\/div><figcaption class=\"elementor-image-carousel-caption\">Motorway construction<\/figcaption><\/figure><\/a><\/div><div class=\"swiper-slide\" role=\"group\" aria-roledescription=\"slide\" aria-label=\"2 \/ 5\"><a data-elementor-open-lightbox=\"yes\" data-elementor-lightbox-slideshow=\"7a8fd15\" data-elementor-lightbox-description=\"Aut\u00f3p\u00e1lya kivitelez\u00e9se\" data-e-action-hash=\"#elementor-action%3Aaction%3Dlightbox%26settings%3DeyJpZCI6MjQ2MywidXJsIjoiaHR0cHM6XC9cL3BldGlra2Z0Lmh1XC93cC1jb250ZW50XC91cGxvYWRzXC8yMDI1XC8wNlwvQXV0b3BhbHlhMS1zY2FsZWQuanBnIiwic2xpZGVzaG93IjoiN2E4ZmQxNSJ9\" href=\"https:\/\/petikkft.hu\/wp-content\/uploads\/2025\/06\/Autopalya1-scaled.jpg\"><figure class=\"swiper-slide-inner\"><img class=\"swiper-slide-image swiper-lazy\" data-src=\"https:\/\/petikkft.hu\/wp-content\/uploads\/2025\/06\/Autopalya1-scaled.jpg\" alt=\"Aut\u00f3p\u00e1lya kivitelez\u00e9se\" \/><div class=\"swiper-lazy-preloader\"><\/div><figcaption class=\"elementor-image-carousel-caption\">Motorway construction<\/figcaption><\/figure><\/a><\/div><div class=\"swiper-slide\" role=\"group\" aria-roledescription=\"slide\" aria-label=\"3 \/ 5\"><a data-elementor-open-lightbox=\"yes\" data-elementor-lightbox-slideshow=\"7a8fd15\" data-elementor-lightbox-description=\"Budai V\u00e1r, V\u00e1rgar\u00e1zs III. \u00fctem c\u00f6l\u00f6pfal, munkat\u00e9r hat\u00e1rol\u00e1s kivitelez\u00e9se sor\u00e1n szakfel\u00fcgyelet biztos\u00edt\u00e1sa a k\u00fcl\u00f6nb\u00f6z\u0151 kivitelez\u00e9si f\u00e1zisokban\" data-e-action-hash=\"#elementor-action%3Aaction%3Dlightbox%26settings%3DeyJpZCI6MjQ2NywidXJsIjoiaHR0cHM6XC9cL3BldGlra2Z0Lmh1XC93cC1jb250ZW50XC91cGxvYWRzXC8yMDI1XC8wNlwvVmFyZ2FyYXpzLUlJSS0yLXNjYWxlZC5qcGciLCJzbGlkZXNob3ciOiI3YThmZDE1In0%3D\" href=\"https:\/\/petikkft.hu\/wp-content\/uploads\/2025\/06\/Vargarazs-III-2-scaled.jpg\"><figure class=\"swiper-slide-inner\"><img class=\"swiper-slide-image swiper-lazy\" data-src=\"https:\/\/petikkft.hu\/wp-content\/uploads\/2025\/06\/Vargarazs-III-2-scaled.jpg\" alt=\"Budai V\u00e1r, V\u00e1rgar\u00e1zs III. \u00fctem c\u00f6l\u00f6pfal, munkat\u00e9r hat\u00e1rol\u00e1s kivitelez\u00e9se sor\u00e1n szakfel\u00fcgyelet biztos\u00edt\u00e1sa a k\u00fcl\u00f6nb\u00f6z\u0151 kivitelez\u00e9si f\u00e1zisokban\" \/><div class=\"swiper-lazy-preloader\"><\/div><figcaption class=\"elementor-image-carousel-caption\">Providing technical supervision during the construction of the Buda Castle, V\u00e1rgar\u00e1zs Phase III pile wall, construction site retention in the various construction phases<\/figcaption><\/figure><\/a><\/div><div class=\"swiper-slide\" role=\"group\" aria-roledescription=\"slide\" aria-label=\"4 \/ 5\"><a data-elementor-open-lightbox=\"yes\" data-elementor-lightbox-slideshow=\"7a8fd15\" data-elementor-lightbox-description=\"Budai V\u00e1r, V\u00e1rgar\u00e1zs III. \u00fctem c\u00f6l\u00f6pfal, munkat\u00e9r hat\u00e1rol\u00e1s kivitelez\u00e9se sor\u00e1n szakfel\u00fcgyelet biztos\u00edt\u00e1sa a k\u00fcl\u00f6nb\u00f6z\u0151 kivitelez\u00e9si f\u00e1zisokban\" data-e-action-hash=\"#elementor-action%3Aaction%3Dlightbox%26settings%3DeyJpZCI6MjQ2NiwidXJsIjoiaHR0cHM6XC9cL3BldGlra2Z0Lmh1XC93cC1jb250ZW50XC91cGxvYWRzXC8yMDI1XC8wNlwvVmFyZ2FyYXpzLUlJSS0xLXNjYWxlZC5qcGciLCJzbGlkZXNob3ciOiI3YThmZDE1In0%3D\" href=\"https:\/\/petikkft.hu\/wp-content\/uploads\/2025\/06\/Vargarazs-III-1-scaled.jpg\"><figure class=\"swiper-slide-inner\"><img class=\"swiper-slide-image swiper-lazy\" data-src=\"https:\/\/petikkft.hu\/wp-content\/uploads\/2025\/06\/Vargarazs-III-1-scaled.jpg\" alt=\"Budai V\u00e1r, V\u00e1rgar\u00e1zs III. \u00fctem c\u00f6l\u00f6pfal, munkat\u00e9r hat\u00e1rol\u00e1s kivitelez\u00e9se sor\u00e1n szakfel\u00fcgyelet biztos\u00edt\u00e1sa a k\u00fcl\u00f6nb\u00f6z\u0151 kivitelez\u00e9si f\u00e1zisokban\" \/><div class=\"swiper-lazy-preloader\"><\/div><figcaption class=\"elementor-image-carousel-caption\">Providing technical supervision during the construction of the Buda Castle, V\u00e1rgar\u00e1zs Phase III pile wall, construction site retention in the various construction phases<\/figcaption><\/figure><\/a><\/div><div class=\"swiper-slide\" role=\"group\" aria-roledescription=\"slide\" aria-label=\"5 \/ 5\"><a data-elementor-open-lightbox=\"yes\" data-elementor-lightbox-slideshow=\"7a8fd15\" data-elementor-lightbox-description=\"Budai V\u00e1r, V\u00e1rgar\u00e1zs III. \u00fctem c\u00f6l\u00f6pfal, munkat\u00e9r hat\u00e1rol\u00e1s kivitelez\u00e9se sor\u00e1n szakfel\u00fcgyelet biztos\u00edt\u00e1sa a k\u00fcl\u00f6nb\u00f6z\u0151 kivitelez\u00e9si f\u00e1zisokban\" data-e-action-hash=\"#elementor-action%3Aaction%3Dlightbox%26settings%3DeyJpZCI6MjQ2NSwidXJsIjoiaHR0cHM6XC9cL3BldGlra2Z0Lmh1XC93cC1jb250ZW50XC91cGxvYWRzXC8yMDI1XC8wNlwvVmFyZ2FyYXpzLWNvbG9wb3pvLXNjYWxlZC5qcGciLCJzbGlkZXNob3ciOiI3YThmZDE1In0%3D\" href=\"https:\/\/petikkft.hu\/wp-content\/uploads\/2025\/06\/Vargarazs-colopozo-scaled.jpg\"><figure class=\"swiper-slide-inner\"><img class=\"swiper-slide-image swiper-lazy\" data-src=\"https:\/\/petikkft.hu\/wp-content\/uploads\/2025\/06\/Vargarazs-colopozo-scaled.jpg\" alt=\"Budai V\u00e1r, V\u00e1rgar\u00e1zs III. \u00fctem c\u00f6l\u00f6pfal, munkat\u00e9r hat\u00e1rol\u00e1s kivitelez\u00e9se sor\u00e1n szakfel\u00fcgyelet biztos\u00edt\u00e1sa a k\u00fcl\u00f6nb\u00f6z\u0151 kivitelez\u00e9si f\u00e1zisokban\" \/><div class=\"swiper-lazy-preloader\"><\/div><figcaption class=\"elementor-image-carousel-caption\">Providing technical supervision during the construction of the Buda Castle, V\u00e1rgar\u00e1zs Phase III pile wall, construction site retention in the various construction phases<\/figcaption><\/figure><\/a><\/div>\t\t\t<\/div>\n\t\t\t\t\t\t\t\t\t\t\t\t<div class=\"elementor-swiper-button elementor-swiper-button-prev\" role=\"button\" tabindex=\"0\">\n\t\t\t\t\t\t<svg xmlns=\"http:\/\/www.w3.org\/2000\/svg\" width=\"57\" height=\"57\" viewbox=\"0 0 57 57\" fill=\"none\"><rect x=\"28.2842\" y=\"56.5685\" width=\"40\" height=\"40\" rx=\"10\" transform=\"rotate(-135 28.2842 56.5685)\" fill=\"#E7FF60\"><\/rect><path d=\"M40.5674 30.0685C41.3959 30.0685 42.0674 29.397 42.0674 28.5685C42.0674 27.7401 41.3959 27.0685 40.5674 27.0685L40.5674 28.5685L40.5674 30.0685ZM17.5068 27.5079C16.921 28.0937 16.921 29.0434 17.5068 29.6292L27.0527 39.1751C27.6385 39.7609 28.5883 39.7609 29.174 39.1751C29.7598 38.5894 29.7598 37.6396 29.174 37.0538L20.6888 28.5685L29.174 20.0833C29.7598 19.4975 29.7598 18.5477 29.174 17.9619C28.5883 17.3762 27.6385 17.3762 27.0527 17.9619L17.5068 27.5079ZM40.5674 28.5685L40.5674 27.0685L18.5674 27.0685L18.5674 28.5685L18.5674 30.0685L40.5674 30.0685L40.5674 28.5685Z\" fill=\"#036600\"><\/path><\/svg>\t\t\t\t\t<\/div>\n\t\t\t\t\t<div class=\"elementor-swiper-button elementor-swiper-button-next\" role=\"button\" tabindex=\"0\">\n\t\t\t\t\t\t<svg xmlns=\"http:\/\/www.w3.org\/2000\/svg\" width=\"57\" height=\"57\" viewbox=\"0 0 57 57\" fill=\"none\"><rect x=\"28.2842\" width=\"40\" height=\"40\" rx=\"10\" transform=\"rotate(45 28.2842 0)\" fill=\"#E7FF60\"><\/rect><path d=\"M16.001 26.5C15.1725 26.5 14.501 27.1716 14.501 28C14.501 28.8284 15.1725 29.5 16.001 29.5L16.001 28L16.001 26.5ZM39.0616 29.0607C39.6474 28.4749 39.6474 27.5251 39.0616 26.9393L29.5157 17.3934C28.9299 16.8076 27.9802 16.8076 27.3944 17.3934C26.8086 17.9792 26.8086 18.9289 27.3944 19.5147L35.8797 28L27.3944 36.4853C26.8086 37.0711 26.8086 38.0208 27.3944 38.6066C27.9802 39.1924 28.9299 39.1924 29.5157 38.6066L39.0616 29.0607ZM16.001 28L16.001 29.5L38.001 29.5L38.001 28L38.001 26.5L16.001 26.5L16.001 28Z\" fill=\"#036600\"><\/path><\/svg>\t\t\t\t\t<\/div>\n\t\t\t\t\n\t\t\t\t\t\t\t\t\t<\/div>\n\t\t\t\t\t\t<\/div>\n\t\t\t\t<\/div>\n\t\t<div class=\"elementor-element elementor-element-e7b9825 e-con-full gray-container e-flex e-con e-child\" data-id=\"e7b9825\" data-element_type=\"container\" data-e-type=\"container\">\n\t\t\t\t<div class=\"elementor-element elementor-element-520f02d elementor-widget elementor-widget-text-editor\" data-id=\"520f02d\" data-element_type=\"widget\" data-e-type=\"widget\" data-widget_type=\"text-editor.default\">\n\t\t\t\t<div class=\"elementor-widget-container\">\n\t\t\t\t\t\t\t\t\t<h2>Our references<img decoding=\"async\" class=\"float-right m-n-20 alignnone wp-image-3221 size-full\" src=\"http:\/\/petikkft.hu\/wp-content\/uploads\/2026\/02\/posticon-referenciaink.svg\" alt=\"\" width=\"91\" height=\"91\" \/><\/h2>\n<strong>Some of our more significant references related to the activity:<\/strong>\n<ul>\n    <li>M3 motorway<\/li>\n    <li>M31 motorway<\/li>\n    <li>M4 motorway bypass section<\/li>\n    <li>M8 motorway bypass section<\/li>\n    <li>M85 motorway<\/li>\n    <li>M86 motorway<\/li>\n    <li>Szajol-P\u00fcsp\u00f6klad\u00e1ny railway line<\/li>\n    <li>Flood protection emergency reservoirs<\/li>\n    <li>M0 \u2013 M6 slope stability<\/li>\n    <li>Bp. I. V\u00e1rgar\u00e1zs Phase III construction site retention<\/li>\n<\/ul>\t\t\t\t\t\t\t\t<\/div>\n\t\t\t\t<\/div>\n\t\t\t\t<\/div>\n\t\t<div class=\"elementor-element elementor-element-9a0743c brick-bg quickoffer-container e-con-full e-flex e-con e-child\" data-id=\"9a0743c\" data-element_type=\"container\" data-e-type=\"container\">\n\t\t<div class=\"elementor-element elementor-element-dce2091 e-con-full e-flex e-con e-child\" data-id=\"dce2091\" data-element_type=\"container\" data-e-type=\"container\">\n\t\t\t\t<div class=\"elementor-element elementor-element-4b4ee01 elementor-widget__width-initial elementor-widget elementor-widget-text-editor\" data-id=\"4b4ee01\" data-element_type=\"widget\" data-e-type=\"widget\" data-widget_type=\"text-editor.default\">\n\t\t\t\t<div class=\"elementor-widget-container\">\n\t\t\t\t\t\t\t\t\t<a class=\"btn btn-accent\" href=\"\/en\/kapcsolat\/\" style=\"white-space:nowrap\">Get a Quick Quote<\/a>\t\t\t\t\t\t\t\t<\/div>\n\t\t\t\t<\/div>\n\t\t\t\t<\/div>\n\t\t<div class=\"elementor-element elementor-element-bf9d80d e-con-full e-flex e-con e-child\" data-id=\"bf9d80d\" data-element_type=\"container\" data-e-type=\"container\">\n\t\t\t\t<div class=\"elementor-element elementor-element-6405982 elementor-widget elementor-widget-text-editor\" data-id=\"6405982\" data-element_type=\"widget\" data-e-type=\"widget\" data-widget_type=\"text-editor.default\">\n\t\t\t\t<div class=\"elementor-widget-container\">\n\t\t\t\t\t\t\t\t\t<a class=\"text-white arrow-link\" href=\"\/en\/allapotfelvetel\/\">Condition Survey<\/a>\t\t\t\t\t\t\t\t<\/div>\n\t\t\t\t<\/div>\n\t\t\t\t<\/div>\n\t\t\t\t<\/div>\n\t\t\t\t<\/div>\n\t\t\t\t\t<\/div>\n\t\t\t\t<\/div>\n\t\t\t\t\t<\/div>\n\t\t\t\t<\/div>\n\t\t\t\t<\/div>","protected":false},"excerpt":{"rendered":"<p>Szolg\u00e1ltat\u00e1sok Talajvizsg\u00e1lati jelent\u00e9s Alapoz\u00e1s tervez\u00e9se Alapmeger\u0151s\u00edt\u00e9s tervez\u00e9s Munkag\u00f6d\u00f6r k\u00f6r\u00fclz\u00e1r\u00e1s tervez\u00e9se R\u00e9zs\u0171\u00e1ll\u00e9konys\u00e1g, stabilit\u00e1s vizsg\u00e1lata Geotechnikai szakfel\u00fcgyelet ell\u00e1t\u00e1sa \u00c1llapotfelv\u00e9tel Talaj- \u00e9s talajv\u00edz- szennyezetts\u00e9gi el\u0151vizsg\u00e1latok Igazs\u00e1g\u00fcgyi szak\u00e9rt\u00e9s Geod\u00e9ziai felm\u00e9r\u00e9s X Geotechnikai szakfel\u00fcgyelet ell\u00e1t\u00e1sa Els\u0151sorban aut\u00f3p\u00e1ly\u00e1k, gyorsforgalmi utak \u00e9p\u00edt\u00e9s\u00e9n\u00e9l ellen\u0151rz\u0151, j\u00f3v\u00e1hagy\u00f3 m\u00e9rn\u00f6ki szerep v\u00e1llal\u00e1sa, illetve munkag\u00f6dr\u00f6k kiemel\u00e9s\u00e9n\u00e9l folyamatos geotechnikai szakfel\u00fcgyelet biztos\u00edt\u00e1sa. Aut\u00f3p\u00e1lya kivitelez\u00e9se Aut\u00f3p\u00e1lya &hellip;<\/p>","protected":false},"author":1,"featured_media":0,"parent":0,"menu_order":0,"comment_status":"closed","ping_status":"closed","template":"elementor_header_footer","meta":{"inline_featured_image":false,"footnotes":""},"class_list":["post-2236","page","type-page","status-publish","hentry"],"_links":{"self":[{"href":"https:\/\/petikkft.hu\/en\/wp-json\/wp\/v2\/pages\/2236","targetHints":{"allow":["GET"]}}],"collection":[{"href":"https:\/\/petikkft.hu\/en\/wp-json\/wp\/v2\/pages"}],"about":[{"href":"https:\/\/petikkft.hu\/en\/wp-json\/wp\/v2\/types\/page"}],"author":[{"embeddable":true,"href":"https:\/\/petikkft.hu\/en\/wp-json\/wp\/v2\/users\/1"}],"replies":[{"embeddable":true,"href":"https:\/\/petikkft.hu\/en\/wp-json\/wp\/v2\/comments?post=2236"}],"version-history":[{"count":6,"href":"https:\/\/petikkft.hu\/en\/wp-json\/wp\/v2\/pages\/2236\/revisions"}],"predecessor-version":[{"id":4565,"href":"https:\/\/petikkft.hu\/en\/wp-json\/wp\/v2\/pages\/2236\/revisions\/4565"}],"wp:attachment":[{"href":"https:\/\/petikkft.hu\/en\/wp-json\/wp\/v2\/media?parent=2236"}],"curies":[{"name":"wp","href":"https:\/\/api.w.org\/{rel}","templated":true}]}}