{"id":2195,"date":"2025-03-01T17:06:17","date_gmt":"2025-03-01T16:06:17","guid":{"rendered":"https:\/\/3.120.175.82\/?page_id=2195"},"modified":"2026-03-27T14:56:24","modified_gmt":"2026-03-27T13:56:24","slug":"munkagodor-korulzaras-tervezese","status":"publish","type":"page","link":"https:\/\/petikkft.hu\/en\/munkagodor-korulzaras-tervezese\/","title":{"rendered":"Excavation Support System Design"},"content":{"rendered":"<div data-elementor-type=\"wp-page\" data-elementor-id=\"2195\" class=\"elementor elementor-2195\">\n\t\t\t\t<div class=\"elementor-element elementor-element-966f9d5 banner-section brick-bg e-flex e-con-boxed e-con e-parent\" data-id=\"966f9d5\" data-element_type=\"container\" data-e-type=\"container\" data-settings=\"{&quot;background_background&quot;:&quot;classic&quot;}\">\n\t\t\t\t\t<div class=\"e-con-inner\">\n\t\t\t\t<div class=\"elementor-element elementor-element-5a99573 elementor-widget elementor-widget-heading\" data-id=\"5a99573\" data-element_type=\"widget\" data-e-type=\"widget\" data-widget_type=\"heading.default\">\n\t\t\t\t<div class=\"elementor-widget-container\">\n\t\t\t\t\t<h2 class=\"elementor-heading-title elementor-size-default\">Our Services<\/h2>\t\t\t\t<\/div>\n\t\t\t\t<\/div>\n\t\t\t\t\t<\/div>\n\t\t\t\t<\/div>\n\t\t<div class=\"elementor-element elementor-element-844e033 e-flex e-con-boxed e-con e-parent\" data-id=\"844e033\" data-element_type=\"container\" data-e-type=\"container\">\n\t\t\t\t\t<div class=\"e-con-inner\">\n\t\t<div class=\"elementor-element elementor-element-026777a e-con-full szolgaltatas-linkek elementor-hidden-mobile e-flex e-con e-child\" data-id=\"026777a\" data-element_type=\"container\" data-e-type=\"container\">\n\t\t\t\t<div class=\"elementor-element elementor-element-e00e00f elementor-widget elementor-widget-ekit-nav-menu\" data-id=\"e00e00f\" data-element_type=\"widget\" data-e-type=\"widget\" data-widget_type=\"ekit-nav-menu.default\">\n\t\t\t\t<div class=\"elementor-widget-container\">\n\t\t\t\t\t\t\t<nav class=\"ekit-wid-con ekit_menu_responsive_mobile\"\n\t\t\tdata-hamburger-icon=\"\"\n\t\t\tdata-hamburger-icon-type=\"icon\"\n\t\t\tdata-responsive-breakpoint=\"767\">\n\t\t\t            <button class=\"elementskit-menu-hamburger elementskit-menu-toggler\"  type=\"button\" aria-label=\"hamburger-icon\">\n                                    <span class=\"elementskit-menu-hamburger-icon\"><\/span><span class=\"elementskit-menu-hamburger-icon\"><\/span><span class=\"elementskit-menu-hamburger-icon\"><\/span>\n                            <\/button>\n            <div id=\"ekit-megamenu-szolgaltatasok\" class=\"elementskit-menu-container elementskit-menu-offcanvas-elements elementskit-navbar-nav-default ekit-nav-menu-one-page-no ekit-nav-dropdown-hover\"><ul id=\"menu-szolgaltatasok\" class=\"elementskit-navbar-nav elementskit-menu-po-left submenu-click-on-icon\"><li id=\"menu-item-3654\" class=\"menu-item menu-item-type-post_type menu-item-object-page\"><a href=\"https:\/\/petikkft.hu\/en\/talajvizsgalati-jelentes-es-geotechnikai-tervezesi-beszamolo\/\">Soil Investigation Report<\/a><\/li>\n<li id=\"menu-item-3653\" class=\"menu-item menu-item-type-post_type menu-item-object-page\"><a href=\"https:\/\/petikkft.hu\/en\/alapozas-tervezese-epitmenyekhez-a-kulonbozo-tervfazisokban\/\">Foundation Design<\/a><\/li>\n<li id=\"menu-item-3651\" class=\"menu-item menu-item-type-post_type menu-item-object-page\"><a href=\"https:\/\/petikkft.hu\/en\/alapmegerosites-tervezes\/\">Foundation Reinforcement Design<\/a><\/li>\n<li id=\"menu-item-3652\" class=\"menu-item menu-item-type-post_type menu-item-object-page\"><a href=\"https:\/\/petikkft.hu\/en\/munkagodor-korulzaras-tervezese\/\">Excavation Support System Design<\/a><\/li>\n<li id=\"menu-item-3650\" class=\"menu-item menu-item-type-post_type menu-item-object-page\"><a href=\"https:\/\/petikkft.hu\/en\/rezsuallekonysag-stabilitas-vizsgalata\/\">Slope Stability Analysis<\/a><\/li>\n<li id=\"menu-item-3649\" class=\"menu-item menu-item-type-post_type menu-item-object-page\"><a href=\"https:\/\/petikkft.hu\/en\/geotechnikai-szakfelugyelet-ellatasa\/\">Provision of Geotechnical Supervision<\/a><\/li>\n<li id=\"menu-item-3655\" class=\"menu-item menu-item-type-post_type menu-item-object-page\"><a href=\"https:\/\/petikkft.hu\/en\/allapotfelvetel\/\">Condition Survey<\/a><\/li>\n<li id=\"menu-item-3648\" class=\"menu-item menu-item-type-post_type menu-item-object-page\"><a href=\"https:\/\/petikkft.hu\/en\/talaj-es-talajviz-szennyezettsegi-elovizsgalatok\/\">Soil and Groundwater Contamination Preliminary Studies<\/a><\/li>\n<li id=\"menu-item-3647\" class=\"menu-item menu-item-type-post_type menu-item-object-page\"><a href=\"https:\/\/petikkft.hu\/en\/igazsagugyi-szakertes\/\">Forensic Engineering<\/a><\/li>\n<li id=\"menu-item-3646\" class=\"menu-item menu-item-type-post_type menu-item-object-page\"><a href=\"https:\/\/petikkft.hu\/en\/geodeziai-felmeres\/\">Geodetic Survey<\/a><\/li>\n<\/ul><div class=\"elementskit-nav-identity-panel\"><button class=\"elementskit-menu-close elementskit-menu-toggler\" type=\"button\">X<\/button><\/div><\/div>\n\t\t\t<div class=\"elementskit-menu-overlay elementskit-menu-offcanvas-elements elementskit-menu-toggler ekit-nav-menu--overlay\"><\/div>        <\/nav>\n\t\t\t\t\t\t<\/div>\n\t\t\t\t<\/div>\n\t\t\t\t<\/div>\n\t\t<div class=\"elementor-element elementor-element-c7f077b e-flex e-con-boxed e-con e-child\" data-id=\"c7f077b\" data-element_type=\"container\" data-e-type=\"container\">\n\t\t\t\t\t<div class=\"e-con-inner\">\n\t\t<div class=\"elementor-element elementor-element-5ca5e26 e-con-full e-flex e-con e-child\" data-id=\"5ca5e26\" data-element_type=\"container\" data-e-type=\"container\">\n\t\t\t\t<div class=\"elementor-element elementor-element-f548ee7 title elementor-widget elementor-widget-heading\" data-id=\"f548ee7\" data-element_type=\"widget\" data-e-type=\"widget\" data-widget_type=\"heading.default\">\n\t\t\t\t<div class=\"elementor-widget-container\">\n\t\t\t\t\t<h2 class=\"elementor-heading-title elementor-size-default\">Excavation Support System Design<\/h2>\t\t\t\t<\/div>\n\t\t\t\t<\/div>\n\t\t\t\t<div class=\"elementor-element elementor-element-4c733fb elementor-widget elementor-widget-text-editor\" data-id=\"4c733fb\" data-element_type=\"widget\" data-e-type=\"widget\" data-widget_type=\"text-editor.default\">\n\t\t\t\t<div class=\"elementor-widget-container\">\n\t\t\t\t\t\t\t\t\t<p>Design of supporting the side walls of deep construction pits, if necessary in a watertight manner, primarily with the following technologies:<\/p><ul><li>Diaphragm wall<\/li><li>Pile wall<\/li><li>Jet-grouting wall (possibly combined with a pile wall)<\/li><li>Sheet pile wall<\/li><li>Anchoring<\/li><li>Shoring<\/li><li>Nailed shotcrete slope<\/li><\/ul>\t\t\t\t\t\t\t\t<\/div>\n\t\t\t\t<\/div>\n\t\t\t\t<div class=\"elementor-element elementor-element-8f689a3 carousel-with-caption elementor-arrows-position-inside elementor-widget elementor-widget-image-carousel\" data-id=\"8f689a3\" data-element_type=\"widget\" data-e-type=\"widget\" data-settings=\"{&quot;slides_to_show&quot;:&quot;1&quot;,&quot;navigation&quot;:&quot;arrows&quot;,&quot;lazyload&quot;:&quot;yes&quot;,&quot;autoplay&quot;:&quot;yes&quot;,&quot;pause_on_interaction&quot;:&quot;yes&quot;,&quot;autoplay_speed&quot;:5000,&quot;infinite&quot;:&quot;yes&quot;,&quot;effect&quot;:&quot;slide&quot;,&quot;speed&quot;:500}\" data-widget_type=\"image-carousel.default\">\n\t\t\t\t<div class=\"elementor-widget-container\">\n\t\t\t\t\t\t\t<div class=\"elementor-image-carousel-wrapper swiper\" role=\"region\" aria-roledescription=\"carousel\" aria-label=\"Image Carousel\" dir=\"ltr\">\n\t\t\t<div class=\"elementor-image-carousel swiper-wrapper\" aria-live=\"off\">\n\t\t\t\t\t\t\t\t<div class=\"swiper-slide\" role=\"group\" aria-roledescription=\"slide\" aria-label=\"1 of 7\"><a data-elementor-open-lightbox=\"yes\" data-elementor-lightbox-slideshow=\"8f689a3\" data-elementor-lightbox-description=\"Budapest, Cs\u00f6rsz utca, kihorgonyzott h\u00e9zagos c\u00f6l\u00f6pfal, k\u00f6zvetlen\u00fcl a megl\u00e9v\u0151 \u00e9p\u00fclet mellett \" data-e-action-hash=\"#elementor-action%3Aaction%3Dlightbox%26settings%3DeyJpZCI6MjQ3MSwidXJsIjoiaHR0cHM6XC9cL3BldGlra2Z0Lmh1XC93cC1jb250ZW50XC91cGxvYWRzXC8yMDI1XC8wNlwvSGV6YWdvcy1jb2xvcGZhbC1CcC4tQ3NvcnN6LXV0Y2EuanBnIiwic2xpZGVzaG93IjoiOGY2ODlhMyJ9\" href=\"https:\/\/petikkft.hu\/wp-content\/uploads\/2025\/06\/Hezagos-colopfal-Bp.-Csorsz-utca.jpg\"><figure class=\"swiper-slide-inner\"><img class=\"swiper-slide-image swiper-lazy\" data-src=\"https:\/\/petikkft.hu\/wp-content\/uploads\/2025\/06\/Hezagos-colopfal-Bp.-Csorsz-utca.jpg\" alt=\"Budapest, Cs\u00f6rsz utca, kihorgonyzott h\u00e9zagos c\u00f6l\u00f6pfal, k\u00f6zvetlen\u00fcl a megl\u00e9v\u0151 \u00e9p\u00fclet mellett\" \/><div class=\"swiper-lazy-preloader\"><\/div><figcaption class=\"elementor-image-carousel-caption\">Budapest, Cs\u00f6rsz utca, anchored contiguous pile wall directly next to the existing building <\/figcaption><\/figure><\/a><\/div><div class=\"swiper-slide\" role=\"group\" aria-roledescription=\"slide\" aria-label=\"2 of 7\"><a data-elementor-open-lightbox=\"yes\" data-elementor-lightbox-slideshow=\"8f689a3\" data-elementor-lightbox-description=\"Budapest, MOM \u2013 h\u00e9zagos c\u00f6l\u00f6pfal\" data-e-action-hash=\"#elementor-action%3Aaction%3Dlightbox%26settings%3DeyJpZCI6MjQ3MiwidXJsIjoiaHR0cHM6XC9cL3BldGlra2Z0Lmh1XC93cC1jb250ZW50XC91cGxvYWRzXC8yMDI1XC8wNlwvSGV6YWdvcy1jb2xvcGZhbC1NT00tc2NhbGVkLmpwZyIsInNsaWRlc2hvdyI6IjhmNjg5YTMifQ%3D%3D\" href=\"https:\/\/petikkft.hu\/wp-content\/uploads\/2025\/06\/Hezagos-colopfal-MOM-scaled.jpg\"><figure class=\"swiper-slide-inner\"><img class=\"swiper-slide-image swiper-lazy\" data-src=\"https:\/\/petikkft.hu\/wp-content\/uploads\/2025\/06\/Hezagos-colopfal-MOM-scaled.jpg\" alt=\"Budapest, MOM \u2013 h\u00e9zagos c\u00f6l\u00f6pfal\" \/><div class=\"swiper-lazy-preloader\"><\/div><figcaption class=\"elementor-image-carousel-caption\">Budapest, MOM \u2013 intermittent pile wall<\/figcaption><\/figure><\/a><\/div><div class=\"swiper-slide\" role=\"group\" aria-roledescription=\"slide\" aria-label=\"3 of 7\"><a data-elementor-open-lightbox=\"yes\" data-elementor-lightbox-slideshow=\"8f689a3\" data-elementor-lightbox-description=\"Budapest, Budai v\u00e1r, V\u00e1rgar\u00e1zs 5 sorban kihorgonyzott c\u00f6l\u00f6pfal\" data-e-action-hash=\"#elementor-action%3Aaction%3Dlightbox%26settings%3DeyJpZCI6MjQ3MywidXJsIjoiaHR0cHM6XC9cL3BldGlra2Z0Lmh1XC93cC1jb250ZW50XC91cGxvYWRzXC8yMDI1XC8wNlwvSGV6YWdvcy1jb2xvcGZhbC1WYXJnYXJhenMuanBnIiwic2xpZGVzaG93IjoiOGY2ODlhMyJ9\" href=\"https:\/\/petikkft.hu\/wp-content\/uploads\/2025\/06\/Hezagos-colopfal-Vargarazs.jpg\"><figure class=\"swiper-slide-inner\"><img class=\"swiper-slide-image swiper-lazy\" data-src=\"https:\/\/petikkft.hu\/wp-content\/uploads\/2025\/06\/Hezagos-colopfal-Vargarazs.jpg\" alt=\"Budapest, Budai v\u00e1r, V\u00e1rgar\u00e1zs 5 sorban kihorgonyzott c\u00f6l\u00f6pfal\" \/><div class=\"swiper-lazy-preloader\"><\/div><figcaption class=\"elementor-image-carousel-caption\">Budapest, Buda Castle, Castle Garage anchored pile wall in 5 rows<\/figcaption><\/figure><\/a><\/div><div class=\"swiper-slide\" role=\"group\" aria-roledescription=\"slide\" aria-label=\"4 of 7\"><a data-elementor-open-lightbox=\"yes\" data-elementor-lightbox-slideshow=\"8f689a3\" data-elementor-lightbox-description=\"Budapest, Budai v\u00e1r, V\u00e1rgar\u00e1zs 5 sorban kihorgonyzott h\u00e9zagos c\u00f6l\u00f6pfal, a megmarad\u00f3 v\u00e1rfal ideiglenes al\u00e1t\u00e1maszt\u00e1s\u00e1val\" data-e-action-hash=\"#elementor-action%3Aaction%3Dlightbox%26settings%3DeyJpZCI6MjQ3NCwidXJsIjoiaHR0cHM6XC9cL3BldGlra2Z0Lmh1XC93cC1jb250ZW50XC91cGxvYWRzXC8yMDI1XC8wNlwvSGV6YWdvcy1jb2xvcGZhbC1WYXJnYXJhenMyLmpwZyIsInNsaWRlc2hvdyI6IjhmNjg5YTMifQ%3D%3D\" href=\"https:\/\/petikkft.hu\/wp-content\/uploads\/2025\/06\/Hezagos-colopfal-Vargarazs2.jpg\"><figure class=\"swiper-slide-inner\"><img class=\"swiper-slide-image swiper-lazy\" data-src=\"https:\/\/petikkft.hu\/wp-content\/uploads\/2025\/06\/Hezagos-colopfal-Vargarazs2.jpg\" alt=\"Budapest, Budai v\u00e1r, V\u00e1rgar\u00e1zs 5 sorban kihorgonyzott h\u00e9zagos c\u00f6l\u00f6pfal, a megmarad\u00f3 v\u00e1rfal ideiglenes al\u00e1t\u00e1maszt\u00e1s\u00e1val\" \/><div class=\"swiper-lazy-preloader\"><\/div><figcaption class=\"elementor-image-carousel-caption\">Budapest, Buda Castle, V\u00e1rgar\u00e1zs anchored in 5 rows intermittent pile wall, with temporary support of the remaining castle wall<\/figcaption><\/figure><\/a><\/div><div class=\"swiper-slide\" role=\"group\" aria-roledescription=\"slide\" aria-label=\"5 of 7\"><a data-elementor-open-lightbox=\"yes\" data-elementor-lightbox-slideshow=\"8f689a3\" data-elementor-lightbox-description=\"Budapest, M4 metr\u00f3 Kelenf\u00f6ld v\u00e9g\u00e1llom\u00e1s - R\u00e9sfal f\u00f6d\u00e9mkit\u00e1maszt\u00e1ssal, ut\u00f3lagos f\u00f6ldkiemel\u00e9ssel a f\u00f6d\u00e9m al\u00f3l\" data-e-action-hash=\"#elementor-action%3Aaction%3Dlightbox%26settings%3DeyJpZCI6MjQ3NSwidXJsIjoiaHR0cHM6XC9cL3BldGlra2Z0Lmh1XC93cC1jb250ZW50XC91cGxvYWRzXC8yMDI1XC8wNlwvUmVzZmFsLUtlbGVuZm9sZC1NNC1tZXRyby5qcGciLCJzbGlkZXNob3ciOiI4ZjY4OWEzIn0%3D\" href=\"https:\/\/petikkft.hu\/wp-content\/uploads\/2025\/06\/Resfal-Kelenfold-M4-metro.jpg\"><figure class=\"swiper-slide-inner\"><img class=\"swiper-slide-image swiper-lazy\" data-src=\"https:\/\/petikkft.hu\/wp-content\/uploads\/2025\/06\/Resfal-Kelenfold-M4-metro.jpg\" alt=\"Budapest, M4 metr\u00f3 Kelenf\u00f6ld v\u00e9g\u00e1llom\u00e1s - R\u00e9sfal f\u00f6d\u00e9mkit\u00e1maszt\u00e1ssal, ut\u00f3lagos f\u00f6ldkiemel\u00e9ssel a f\u00f6d\u00e9m al\u00f3l\" \/><div class=\"swiper-lazy-preloader\"><\/div><figcaption class=\"elementor-image-carousel-caption\">Budapest, M4 metro Kelenf\u00f6ld terminus - Diaphragm wall with slab support, with subsequent earth excavation from under the slab<\/figcaption><\/figure><\/a><\/div><div class=\"swiper-slide\" role=\"group\" aria-roledescription=\"slide\" aria-label=\"6 of 7\"><a data-elementor-open-lightbox=\"yes\" data-elementor-lightbox-slideshow=\"8f689a3\" data-elementor-lightbox-description=\"Magyar Zene H\u00e1za r\u00e9sfalas munkat\u00e9r hat\u00e1rol\u00e1s\" data-e-action-hash=\"#elementor-action%3Aaction%3Dlightbox%26settings%3DeyJpZCI6MjQ3NiwidXJsIjoiaHR0cHM6XC9cL3BldGlra2Z0Lmh1XC93cC1jb250ZW50XC91cGxvYWRzXC8yMDI1XC8wNlwvUmVzZmFsLU1hZ3lhci1aZW5lLUhhemEtc2NhbGVkLmpwZyIsInNsaWRlc2hvdyI6IjhmNjg5YTMifQ%3D%3D\" href=\"https:\/\/petikkft.hu\/wp-content\/uploads\/2025\/06\/Resfal-Magyar-Zene-Haza-scaled.jpg\"><figure class=\"swiper-slide-inner\"><img class=\"swiper-slide-image swiper-lazy\" data-src=\"https:\/\/petikkft.hu\/wp-content\/uploads\/2025\/06\/Resfal-Magyar-Zene-Haza-scaled.jpg\" alt=\"Magyar Zene H\u00e1za r\u00e9sfalas munkat\u00e9r hat\u00e1rol\u00e1s\" \/><div class=\"swiper-lazy-preloader\"><\/div><figcaption class=\"elementor-image-carousel-caption\">Hungarian House of Music diaphragm wall construction site retention<\/figcaption><\/figure><\/a><\/div><div class=\"swiper-slide\" role=\"group\" aria-roledescription=\"slide\" aria-label=\"7 of 7\"><a data-elementor-open-lightbox=\"yes\" data-elementor-lightbox-slideshow=\"8f689a3\" data-elementor-lightbox-description=\"Magyar Zene H\u00e1za r\u00e9sfalas munkat\u00e9r hat\u00e1rol\u00e1s\" data-e-action-hash=\"#elementor-action%3Aaction%3Dlightbox%26settings%3DeyJpZCI6MjQ3NywidXJsIjoiaHR0cHM6XC9cL3BldGlra2Z0Lmh1XC93cC1jb250ZW50XC91cGxvYWRzXC8yMDI1XC8wNlwvUmVzZmFsLU1hZ3lhci1aZW5lLUhhemEyLXNjYWxlZC5qcGciLCJzbGlkZXNob3ciOiI4ZjY4OWEzIn0%3D\" href=\"https:\/\/petikkft.hu\/wp-content\/uploads\/2025\/06\/Resfal-Magyar-Zene-Haza2-scaled.jpg\"><figure class=\"swiper-slide-inner\"><img class=\"swiper-slide-image swiper-lazy\" data-src=\"https:\/\/petikkft.hu\/wp-content\/uploads\/2025\/06\/Resfal-Magyar-Zene-Haza2-scaled.jpg\" alt=\"Magyar Zene H\u00e1za r\u00e9sfalas munkat\u00e9r hat\u00e1rol\u00e1s\" \/><div class=\"swiper-lazy-preloader\"><\/div><figcaption class=\"elementor-image-carousel-caption\">Hungarian House of Music diaphragm wall construction site retention<\/figcaption><\/figure><\/a><\/div>\t\t\t<\/div>\n\t\t\t\t\t\t\t\t\t\t\t\t<div class=\"elementor-swiper-button elementor-swiper-button-prev\" role=\"button\" tabindex=\"0\">\n\t\t\t\t\t\t<svg xmlns=\"http:\/\/www.w3.org\/2000\/svg\" width=\"57\" height=\"57\" viewbox=\"0 0 57 57\" fill=\"none\"><rect x=\"28.2842\" y=\"56.5685\" width=\"40\" height=\"40\" rx=\"10\" transform=\"rotate(-135 28.2842 56.5685)\" fill=\"#E7FF60\"><\/rect><path d=\"M40.5674 30.0685C41.3959 30.0685 42.0674 29.397 42.0674 28.5685C42.0674 27.7401 41.3959 27.0685 40.5674 27.0685L40.5674 28.5685L40.5674 30.0685ZM17.5068 27.5079C16.921 28.0937 16.921 29.0434 17.5068 29.6292L27.0527 39.1751C27.6385 39.7609 28.5883 39.7609 29.174 39.1751C29.7598 38.5894 29.7598 37.6396 29.174 37.0538L20.6888 28.5685L29.174 20.0833C29.7598 19.4975 29.7598 18.5477 29.174 17.9619C28.5883 17.3762 27.6385 17.3762 27.0527 17.9619L17.5068 27.5079ZM40.5674 28.5685L40.5674 27.0685L18.5674 27.0685L18.5674 28.5685L18.5674 30.0685L40.5674 30.0685L40.5674 28.5685Z\" fill=\"#036600\"><\/path><\/svg>\t\t\t\t\t<\/div>\n\t\t\t\t\t<div class=\"elementor-swiper-button elementor-swiper-button-next\" role=\"button\" tabindex=\"0\">\n\t\t\t\t\t\t<svg xmlns=\"http:\/\/www.w3.org\/2000\/svg\" width=\"57\" height=\"57\" viewbox=\"0 0 57 57\" fill=\"none\"><rect x=\"28.2842\" width=\"40\" height=\"40\" rx=\"10\" transform=\"rotate(45 28.2842 0)\" fill=\"#E7FF60\"><\/rect><path d=\"M16.001 26.5C15.1725 26.5 14.501 27.1716 14.501 28C14.501 28.8284 15.1725 29.5 16.001 29.5L16.001 28L16.001 26.5ZM39.0616 29.0607C39.6474 28.4749 39.6474 27.5251 39.0616 26.9393L29.5157 17.3934C28.9299 16.8076 27.9802 16.8076 27.3944 17.3934C26.8086 17.9792 26.8086 18.9289 27.3944 19.5147L35.8797 28L27.3944 36.4853C26.8086 37.0711 26.8086 38.0208 27.3944 38.6066C27.9802 39.1924 28.9299 39.1924 29.5157 38.6066L39.0616 29.0607ZM16.001 28L16.001 29.5L38.001 29.5L38.001 28L38.001 26.5L16.001 26.5L16.001 28Z\" fill=\"#036600\"><\/path><\/svg>\t\t\t\t\t<\/div>\n\t\t\t\t\n\t\t\t\t\t\t\t\t\t<\/div>\n\t\t\t\t\t\t<\/div>\n\t\t\t\t<\/div>\n\t\t<div class=\"elementor-element elementor-element-a406597 e-con-full gray-container e-flex e-con e-child\" data-id=\"a406597\" data-element_type=\"container\" data-e-type=\"container\">\n\t\t\t\t<div class=\"elementor-element elementor-element-a8d72dc elementor-widget elementor-widget-text-editor\" data-id=\"a8d72dc\" data-element_type=\"widget\" data-e-type=\"widget\" data-widget_type=\"text-editor.default\">\n\t\t\t\t<div class=\"elementor-widget-container\">\n\t\t\t\t\t\t\t\t\t<h2>Our references<img decoding=\"async\" class=\"float-right m-n-20 alignnone wp-image-3221 size-full\" src=\"http:\/\/petikkft.hu\/wp-content\/uploads\/2026\/02\/posticon-referenciaink.svg\" alt=\"\" width=\"91\" height=\"91\" \/><\/h2>\n<strong>Some of our more significant references related to the activity:<\/strong>\n<ul>\n<li>House of Hungarian Music<\/li>\n<li>National Skating Center<\/li>\n<li>Bp. I. Budav\u00e1ri V\u00e1rgar\u00e1zs<\/li>\n<li>Bp. XI. M4 metro Kelenf\u00f6ld railway station \u2013 terminus<\/li>\n<li>Bp. XI. Skanska office building<\/li>\n<li>Bp. VII. New York Palace \u2013 Boscolo hotel<\/li>\n<li>Bp. VII. Royal Hotel<\/li>\n<li>Bp. III. Haj\u00f3gy\u00e1ri Island \u2013 Dream Island<\/li>\n<li>Sopron, Pet\u0151fi square underground garage<\/li>\n<li>Tatab\u00e1nya, Gy\u0151ri \u00fat shopping center<\/li>\n<li>Bp. D\u00f3zsa Gy\u00f6rgy \u00fat \u2013 V\u00e1ci \u00fat K4 office building<\/li>\n<li>Bp. XII. Sir\u00e1ly utca underground garage<\/li>\n<\/ul>\t\t\t\t\t\t\t\t<\/div>\n\t\t\t\t<\/div>\n\t\t\t\t<\/div>\n\t\t<div class=\"elementor-element elementor-element-42a0178 brick-bg quickoffer-container e-con-full e-flex e-con e-child\" data-id=\"42a0178\" data-element_type=\"container\" data-e-type=\"container\">\n\t\t<div class=\"elementor-element elementor-element-aec2bdf e-con-full e-flex e-con e-child\" data-id=\"aec2bdf\" data-element_type=\"container\" data-e-type=\"container\">\n\t\t\t\t<div class=\"elementor-element elementor-element-21962e5 elementor-widget__width-initial elementor-widget elementor-widget-text-editor\" data-id=\"21962e5\" data-element_type=\"widget\" data-e-type=\"widget\" data-widget_type=\"text-editor.default\">\n\t\t\t\t<div class=\"elementor-widget-container\">\n\t\t\t\t\t\t\t\t\t<a class=\"btn btn-accent\" href=\"\/en\/kapcsolat\/\" style=\"white-space:nowrap\">Get a Quick Quote<\/a>\t\t\t\t\t\t\t\t<\/div>\n\t\t\t\t<\/div>\n\t\t\t\t<\/div>\n\t\t<div class=\"elementor-element elementor-element-6887bec e-con-full e-flex e-con e-child\" data-id=\"6887bec\" data-element_type=\"container\" data-e-type=\"container\">\n\t\t\t\t<div class=\"elementor-element elementor-element-f23e0ef elementor-widget elementor-widget-text-editor\" data-id=\"f23e0ef\" data-element_type=\"widget\" data-e-type=\"widget\" data-widget_type=\"text-editor.default\">\n\t\t\t\t<div class=\"elementor-widget-container\">\n\t\t\t\t\t\t\t\t\t<a class=\"text-white arrow-link\" href=\"\/en\/rezsuallekonysag-stabilitas-vizsgalata\/\">Slope Stability Analysis<\/a>\t\t\t\t\t\t\t\t<\/div>\n\t\t\t\t<\/div>\n\t\t\t\t<\/div>\n\t\t\t\t<\/div>\n\t\t\t\t<\/div>\n\t\t\t\t\t<\/div>\n\t\t\t\t<\/div>\n\t\t\t\t\t<\/div>\n\t\t\t\t<\/div>\n\t\t\t\t<\/div>","protected":false},"excerpt":{"rendered":"<p>Szolg\u00e1ltat\u00e1sok Talajvizsg\u00e1lati jelent\u00e9s Alapoz\u00e1s tervez\u00e9se Alapmeger\u0151s\u00edt\u00e9s tervez\u00e9s Munkag\u00f6d\u00f6r k\u00f6r\u00fclz\u00e1r\u00e1s tervez\u00e9se R\u00e9zs\u0171\u00e1ll\u00e9konys\u00e1g, stabilit\u00e1s vizsg\u00e1lata Geotechnikai szakfel\u00fcgyelet ell\u00e1t\u00e1sa \u00c1llapotfelv\u00e9tel Talaj- \u00e9s talajv\u00edz- szennyezetts\u00e9gi el\u0151vizsg\u00e1latok Igazs\u00e1g\u00fcgyi szak\u00e9rt\u00e9s Geod\u00e9ziai felm\u00e9r\u00e9s X Munkag\u00f6d\u00f6r k\u00f6r\u00fclz\u00e1r\u00e1s tervez\u00e9se Nagym\u00e9lys\u00e9g\u0171 munkag\u00f6dr\u00f6k oldalfal\u00e1nak megt\u00e1maszt\u00e1s\u00e1nak tervez\u00e9se, sz\u00fcks\u00e9g eset\u00e9n v\u00edzz\u00e1r\u00f3 m\u00f3don f\u0151k\u00e9nt az al\u00e1bbi technol\u00f3gi\u00e1kkal: r\u00e9sfal c\u00f6l\u00f6pfal jet-grouting fal (esetleg c\u00f6l\u00f6pfallal kombin\u00e1lva) &hellip;<\/p>","protected":false},"author":1,"featured_media":0,"parent":0,"menu_order":0,"comment_status":"closed","ping_status":"closed","template":"elementor_header_footer","meta":{"inline_featured_image":false,"footnotes":""},"class_list":["post-2195","page","type-page","status-publish","hentry"],"_links":{"self":[{"href":"https:\/\/petikkft.hu\/en\/wp-json\/wp\/v2\/pages\/2195","targetHints":{"allow":["GET"]}}],"collection":[{"href":"https:\/\/petikkft.hu\/en\/wp-json\/wp\/v2\/pages"}],"about":[{"href":"https:\/\/petikkft.hu\/en\/wp-json\/wp\/v2\/types\/page"}],"author":[{"embeddable":true,"href":"https:\/\/petikkft.hu\/en\/wp-json\/wp\/v2\/users\/1"}],"replies":[{"embeddable":true,"href":"https:\/\/petikkft.hu\/en\/wp-json\/wp\/v2\/comments?post=2195"}],"version-history":[{"count":3,"href":"https:\/\/petikkft.hu\/en\/wp-json\/wp\/v2\/pages\/2195\/revisions"}],"predecessor-version":[{"id":4555,"href":"https:\/\/petikkft.hu\/en\/wp-json\/wp\/v2\/pages\/2195\/revisions\/4555"}],"wp:attachment":[{"href":"https:\/\/petikkft.hu\/en\/wp-json\/wp\/v2\/media?parent=2195"}],"curies":[{"name":"wp","href":"https:\/\/api.w.org\/{rel}","templated":true}]}}