{"id":2181,"date":"2025-03-01T16:55:47","date_gmt":"2025-03-01T15:55:47","guid":{"rendered":"https:\/\/3.120.175.82\/?page_id=2181"},"modified":"2026-03-27T14:51:45","modified_gmt":"2026-03-27T13:51:45","slug":"alapozas-tervezese-epitmenyekhez-a-kulonbozo-tervfazisokban","status":"publish","type":"page","link":"https:\/\/petikkft.hu\/en\/alapozas-tervezese-epitmenyekhez-a-kulonbozo-tervfazisokban\/","title":{"rendered":"Design of foundations for structures in different design phases"},"content":{"rendered":"<div data-elementor-type=\"wp-page\" data-elementor-id=\"2181\" class=\"elementor elementor-2181\">\n\t\t\t\t<div class=\"elementor-element elementor-element-b3db923 banner-section brick-bg e-flex e-con-boxed e-con e-parent\" data-id=\"b3db923\" data-element_type=\"container\" data-e-type=\"container\" data-settings=\"{&quot;background_background&quot;:&quot;classic&quot;}\">\n\t\t\t\t\t<div class=\"e-con-inner\">\n\t\t\t\t<div class=\"elementor-element elementor-element-1e89f78 elementor-widget elementor-widget-heading\" data-id=\"1e89f78\" data-element_type=\"widget\" data-e-type=\"widget\" data-widget_type=\"heading.default\">\n\t\t\t\t<div class=\"elementor-widget-container\">\n\t\t\t\t\t<h2 class=\"elementor-heading-title elementor-size-default\">Our Services<\/h2>\t\t\t\t<\/div>\n\t\t\t\t<\/div>\n\t\t\t\t\t<\/div>\n\t\t\t\t<\/div>\n\t\t<div class=\"elementor-element elementor-element-6d129e4 e-flex e-con-boxed e-con e-parent\" data-id=\"6d129e4\" data-element_type=\"container\" data-e-type=\"container\">\n\t\t\t\t\t<div class=\"e-con-inner\">\n\t\t<div class=\"elementor-element elementor-element-a0fefdd e-con-full szolgaltatas-linkek elementor-hidden-mobile e-flex e-con e-child\" data-id=\"a0fefdd\" data-element_type=\"container\" data-e-type=\"container\">\n\t\t\t\t<div class=\"elementor-element elementor-element-d3a2fe3 elementor-widget elementor-widget-ekit-nav-menu\" data-id=\"d3a2fe3\" data-element_type=\"widget\" data-e-type=\"widget\" data-widget_type=\"ekit-nav-menu.default\">\n\t\t\t\t<div class=\"elementor-widget-container\">\n\t\t\t\t\t\t\t<nav class=\"ekit-wid-con ekit_menu_responsive_mobile\"\n\t\t\tdata-hamburger-icon=\"\"\n\t\t\tdata-hamburger-icon-type=\"icon\"\n\t\t\tdata-responsive-breakpoint=\"767\">\n\t\t\t            <button class=\"elementskit-menu-hamburger elementskit-menu-toggler\"  type=\"button\" aria-label=\"hamburger-icon\">\n                                    <span class=\"elementskit-menu-hamburger-icon\"><\/span><span class=\"elementskit-menu-hamburger-icon\"><\/span><span class=\"elementskit-menu-hamburger-icon\"><\/span>\n                            <\/button>\n            <div id=\"ekit-megamenu-szolgaltatasok\" class=\"elementskit-menu-container elementskit-menu-offcanvas-elements elementskit-navbar-nav-default ekit-nav-menu-one-page-no ekit-nav-dropdown-hover\"><ul id=\"menu-szolgaltatasok\" class=\"elementskit-navbar-nav elementskit-menu-po-left submenu-click-on-icon\"><li id=\"menu-item-3654\" class=\"menu-item menu-item-type-post_type menu-item-object-page\"><a href=\"https:\/\/petikkft.hu\/en\/talajvizsgalati-jelentes-es-geotechnikai-tervezesi-beszamolo\/\">Soil Investigation Report<\/a><\/li>\n<li id=\"menu-item-3653\" class=\"menu-item menu-item-type-post_type menu-item-object-page\"><a href=\"https:\/\/petikkft.hu\/en\/alapozas-tervezese-epitmenyekhez-a-kulonbozo-tervfazisokban\/\">Foundation Design<\/a><\/li>\n<li id=\"menu-item-3651\" class=\"menu-item menu-item-type-post_type menu-item-object-page\"><a href=\"https:\/\/petikkft.hu\/en\/alapmegerosites-tervezes\/\">Foundation Reinforcement Design<\/a><\/li>\n<li id=\"menu-item-3652\" class=\"menu-item menu-item-type-post_type menu-item-object-page\"><a href=\"https:\/\/petikkft.hu\/en\/munkagodor-korulzaras-tervezese\/\">Excavation Support System Design<\/a><\/li>\n<li id=\"menu-item-3650\" class=\"menu-item menu-item-type-post_type menu-item-object-page\"><a href=\"https:\/\/petikkft.hu\/en\/rezsuallekonysag-stabilitas-vizsgalata\/\">Slope Stability Analysis<\/a><\/li>\n<li id=\"menu-item-3649\" class=\"menu-item menu-item-type-post_type menu-item-object-page\"><a href=\"https:\/\/petikkft.hu\/en\/geotechnikai-szakfelugyelet-ellatasa\/\">Provision of Geotechnical Supervision<\/a><\/li>\n<li id=\"menu-item-3655\" class=\"menu-item menu-item-type-post_type menu-item-object-page\"><a href=\"https:\/\/petikkft.hu\/en\/allapotfelvetel\/\">Condition Survey<\/a><\/li>\n<li id=\"menu-item-3648\" class=\"menu-item menu-item-type-post_type menu-item-object-page\"><a href=\"https:\/\/petikkft.hu\/en\/talaj-es-talajviz-szennyezettsegi-elovizsgalatok\/\">Soil and Groundwater Contamination Preliminary Studies<\/a><\/li>\n<li id=\"menu-item-3647\" class=\"menu-item menu-item-type-post_type menu-item-object-page\"><a href=\"https:\/\/petikkft.hu\/en\/igazsagugyi-szakertes\/\">Forensic Engineering<\/a><\/li>\n<li id=\"menu-item-3646\" class=\"menu-item menu-item-type-post_type menu-item-object-page\"><a href=\"https:\/\/petikkft.hu\/en\/geodeziai-felmeres\/\">Geodetic Survey<\/a><\/li>\n<\/ul><div class=\"elementskit-nav-identity-panel\"><button class=\"elementskit-menu-close elementskit-menu-toggler\" type=\"button\">X<\/button><\/div><\/div>\n\t\t\t<div class=\"elementskit-menu-overlay elementskit-menu-offcanvas-elements elementskit-menu-toggler ekit-nav-menu--overlay\"><\/div>        <\/nav>\n\t\t\t\t\t\t<\/div>\n\t\t\t\t<\/div>\n\t\t\t\t<\/div>\n\t\t<div class=\"elementor-element elementor-element-1d81c48 e-flex e-con-boxed e-con e-child\" data-id=\"1d81c48\" data-element_type=\"container\" data-e-type=\"container\">\n\t\t\t\t\t<div class=\"e-con-inner\">\n\t\t<div class=\"elementor-element elementor-element-742f4b2 e-con-full e-flex e-con e-child\" data-id=\"742f4b2\" data-element_type=\"container\" data-e-type=\"container\">\n\t\t\t\t<div class=\"elementor-element elementor-element-2980916 title elementor-widget elementor-widget-heading\" data-id=\"2980916\" data-element_type=\"widget\" data-e-type=\"widget\" data-widget_type=\"heading.default\">\n\t\t\t\t<div class=\"elementor-widget-container\">\n\t\t\t\t\t<h2 class=\"elementor-heading-title elementor-size-default\">Design of foundations for structures in different design phases<\/h2>\t\t\t\t<\/div>\n\t\t\t\t<\/div>\n\t\t\t\t<div class=\"elementor-element elementor-element-2406b2f elementor-widget elementor-widget-text-editor\" data-id=\"2406b2f\" data-element_type=\"widget\" data-e-type=\"widget\" data-widget_type=\"text-editor.default\">\n\t\t\t\t<div class=\"elementor-widget-container\">\n\t\t\t\t\t\t\t\t\t<ul><li>Permitting<\/li><li>Tender<\/li><li>Execution<\/li><\/ul><p>\u00a0<\/p><p><strong>Our company primarily deals with the design of deep foundation structures, such as:<\/strong><\/p><ul><li>Pile foundation (CFA, Omega, Screw-sol, Ductile, bored, driven, screw-piled, etc.)<\/li><li>Pile-reinforced raft foundation (primarily for the foundation slab of underground garages)<\/li><li>Diaphragm wall foundation<\/li><li>Well foundation (deepened shallow foundation)<\/li><\/ul><p>\u00a0<\/p><p>We prepare foundation plans for all types of facilities, e.g.:<\/p><ul><li>Towers (wind turbine, transmission tower)<\/li><li>Cranes<\/li><li>Machines<\/li><li>Bridges<\/li><li>Buildings (office building, hall, family house)<\/li><li>Roads<\/li><li>Floor structures<\/li><li>Stadiums<\/li><\/ul>\t\t\t\t\t\t\t\t<\/div>\n\t\t\t\t<\/div>\n\t\t\t\t<div class=\"elementor-element elementor-element-abd1d44 carousel-with-caption elementor-arrows-position-inside elementor-widget elementor-widget-image-carousel\" data-id=\"abd1d44\" data-element_type=\"widget\" data-e-type=\"widget\" data-settings=\"{&quot;slides_to_show&quot;:&quot;1&quot;,&quot;navigation&quot;:&quot;arrows&quot;,&quot;lazyload&quot;:&quot;yes&quot;,&quot;autoplay&quot;:&quot;yes&quot;,&quot;pause_on_interaction&quot;:&quot;yes&quot;,&quot;autoplay_speed&quot;:5000,&quot;infinite&quot;:&quot;yes&quot;,&quot;effect&quot;:&quot;slide&quot;,&quot;speed&quot;:500}\" data-widget_type=\"image-carousel.default\">\n\t\t\t\t<div class=\"elementor-widget-container\">\n\t\t\t\t\t\t\t<div class=\"elementor-image-carousel-wrapper swiper\" role=\"region\" aria-roledescription=\"carousel\" aria-label=\"Image Carousel\" dir=\"ltr\">\n\t\t\t<div class=\"elementor-image-carousel swiper-wrapper\" aria-live=\"off\">\n\t\t\t\t\t\t\t\t<div class=\"swiper-slide\" role=\"group\" aria-roledescription=\"slide\" aria-label=\"1 of 6\"><a data-elementor-open-lightbox=\"yes\" data-elementor-lightbox-slideshow=\"abd1d44\" data-elementor-lightbox-description=\"Magyar Zene H\u00e1za \u2013 c\u00f6l\u00f6palapoz\u00e1s kivitelez\u00e9se a munkag\u00f6d\u00f6rben\" data-e-action-hash=\"#elementor-action%3Aaction%3Dlightbox%26settings%3DeyJpZCI6MjQ1NCwidXJsIjoiaHR0cHM6XC9cL3BldGlra2Z0Lmh1XC93cC1jb250ZW50XC91cGxvYWRzXC8yMDI1XC8wNlwvWmVuZS1oYXphLXNjYWxlZC5qcGciLCJzbGlkZXNob3ciOiJhYmQxZDQ0In0%3D\" href=\"https:\/\/petikkft.hu\/wp-content\/uploads\/2025\/06\/Zene-haza-scaled.jpg\"><figure class=\"swiper-slide-inner\"><img class=\"swiper-slide-image swiper-lazy\" data-src=\"https:\/\/petikkft.hu\/wp-content\/uploads\/2025\/06\/Zene-haza-scaled.jpg\" alt=\"Magyar Zene H\u00e1za \u2013 c\u00f6l\u00f6palapoz\u00e1s kivitelez\u00e9se a munkag\u00f6d\u00f6rben\" \/><div class=\"swiper-lazy-preloader\"><\/div><figcaption class=\"elementor-image-carousel-caption\">Magyar Zene H\u00e1za \u2013 c\u00f6l\u00f6palapoz\u00e1s kivitelez\u00e9se a munkag\u00f6d\u00f6rben<\/figcaption><\/figure><\/a><\/div><div class=\"swiper-slide\" role=\"group\" aria-roledescription=\"slide\" aria-label=\"2 of 6\"><a data-elementor-open-lightbox=\"yes\" data-elementor-lightbox-slideshow=\"abd1d44\" data-elementor-lightbox-description=\"Budapest, Teve utc\u00e1ban, t\u00e1rsash\u00e1z elk\u00e9sz\u00fclt c\u00f6l\u00f6palapoz\u00e1sa a munkag\u00f6d\u00f6rben\" data-e-action-hash=\"#elementor-action%3Aaction%3Dlightbox%26settings%3DeyJpZCI6MjQ1MywidXJsIjoiaHR0cHM6XC9cL3BldGlra2Z0Lmh1XC93cC1jb250ZW50XC91cGxvYWRzXC8yMDI1XC8wNlwvVGV2ZS1zY2FsZWQuanBnIiwic2xpZGVzaG93IjoiYWJkMWQ0NCJ9\" href=\"https:\/\/petikkft.hu\/wp-content\/uploads\/2025\/06\/Teve-scaled.jpg\"><figure class=\"swiper-slide-inner\"><img class=\"swiper-slide-image swiper-lazy\" data-src=\"https:\/\/petikkft.hu\/wp-content\/uploads\/2025\/06\/Teve-scaled.jpg\" alt=\"Budapest, Teve utc\u00e1ban, t\u00e1rsash\u00e1z elk\u00e9sz\u00fclt c\u00f6l\u00f6palapoz\u00e1sa a munkag\u00f6d\u00f6rben\" \/><div class=\"swiper-lazy-preloader\"><\/div><figcaption class=\"elementor-image-carousel-caption\">Budapest, Teve utca, completed pile foundation of an apartment building in the construction pit<\/figcaption><\/figure><\/a><\/div><div class=\"swiper-slide\" role=\"group\" aria-roledescription=\"slide\" aria-label=\"3 of 6\"><a data-elementor-open-lightbox=\"yes\" data-elementor-lightbox-slideshow=\"abd1d44\" data-elementor-lightbox-description=\"Budapest, Remetehegyen \u00e9p\u00fclt csal\u00e1di h\u00e1zhoz k\u00e9sz\u00fclt c\u00f6l\u00f6p\u00f6k visszav\u00e9s\u00e9s el\u0151tt\" data-e-action-hash=\"#elementor-action%3Aaction%3Dlightbox%26settings%3DeyJpZCI6MjQ1MiwidXJsIjoiaHR0cHM6XC9cL3BldGlra2Z0Lmh1XC93cC1jb250ZW50XC91cGxvYWRzXC8yMDI1XC8wNlwvUmVtZXRlaGVneS1zY2FsZWQuanBnIiwic2xpZGVzaG93IjoiYWJkMWQ0NCJ9\" href=\"https:\/\/petikkft.hu\/wp-content\/uploads\/2025\/06\/Remetehegy-scaled.jpg\"><figure class=\"swiper-slide-inner\"><img class=\"swiper-slide-image swiper-lazy\" data-src=\"https:\/\/petikkft.hu\/wp-content\/uploads\/2025\/06\/Remetehegy-scaled.jpg\" alt=\"Budapest, Remetehegyen \u00e9p\u00fclt csal\u00e1di h\u00e1zhoz k\u00e9sz\u00fclt c\u00f6l\u00f6p\u00f6k visszav\u00e9s\u00e9s el\u0151tt\" \/><div class=\"swiper-lazy-preloader\"><\/div><figcaption class=\"elementor-image-carousel-caption\">Budapest, piles made for a family house built on Remetehegy before cutting back<\/figcaption><\/figure><\/a><\/div><div class=\"swiper-slide\" role=\"group\" aria-roledescription=\"slide\" aria-label=\"4 of 6\"><a data-elementor-open-lightbox=\"yes\" data-elementor-lightbox-slideshow=\"abd1d44\" data-elementor-lightbox-description=\"Pusk\u00e1s Ferenc Stadion kivitelez\u00e9se\" data-e-action-hash=\"#elementor-action%3Aaction%3Dlightbox%26settings%3DeyJpZCI6MjQ1MSwidXJsIjoiaHR0cHM6XC9cL3BldGlra2Z0Lmh1XC93cC1jb250ZW50XC91cGxvYWRzXC8yMDI1XC8wNlwvUHVza2FzLWtpdml0ZWxlemVzLXNjYWxlZC5qcGciLCJzbGlkZXNob3ciOiJhYmQxZDQ0In0%3D\" href=\"https:\/\/petikkft.hu\/wp-content\/uploads\/2025\/06\/Puskas-kivitelezes-scaled.jpg\"><figure class=\"swiper-slide-inner\"><img class=\"swiper-slide-image swiper-lazy\" data-src=\"https:\/\/petikkft.hu\/wp-content\/uploads\/2025\/06\/Puskas-kivitelezes-scaled.jpg\" alt=\"Pusk\u00e1s Ferenc Stadion kivitelez\u00e9se\" \/><div class=\"swiper-lazy-preloader\"><\/div><figcaption class=\"elementor-image-carousel-caption\">Construction of the Pusk\u00e1s Ferenc Stadium<\/figcaption><\/figure><\/a><\/div><div class=\"swiper-slide\" role=\"group\" aria-roledescription=\"slide\" aria-label=\"5 of 6\"><a data-elementor-open-lightbox=\"yes\" data-elementor-lightbox-slideshow=\"abd1d44\" data-elementor-lightbox-description=\"Pusk\u00e1s Ferenc Stadion kivitelez\u00e9se, pilon fejt\u00f6mbje alatti c\u00f6l\u00f6p\u00f6k a visszav\u00e9s\u00e9s el\u0151tt\" data-e-action-hash=\"#elementor-action%3Aaction%3Dlightbox%26settings%3DeyJpZCI6MjQ1MCwidXJsIjoiaHR0cHM6XC9cL3BldGlra2Z0Lmh1XC93cC1jb250ZW50XC91cGxvYWRzXC8yMDI1XC8wNlwvUHVza2FzLWNvbG9wb2stMi1zY2FsZWQuanBnIiwic2xpZGVzaG93IjoiYWJkMWQ0NCJ9\" href=\"https:\/\/petikkft.hu\/wp-content\/uploads\/2025\/06\/Puskas-colopok-2-scaled.jpg\"><figure class=\"swiper-slide-inner\"><img class=\"swiper-slide-image swiper-lazy\" data-src=\"https:\/\/petikkft.hu\/wp-content\/uploads\/2025\/06\/Puskas-colopok-2-scaled.jpg\" alt=\"Pusk\u00e1s Ferenc Stadion kivitelez\u00e9se, pilon fejt\u00f6mbje alatti c\u00f6l\u00f6p\u00f6k a visszav\u00e9s\u00e9s el\u0151tt\" \/><div class=\"swiper-lazy-preloader\"><\/div><figcaption class=\"elementor-image-carousel-caption\">Construction of the Pusk\u00e1s Ferenc Stadium, piles under the pylon base block before cutting back<\/figcaption><\/figure><\/a><\/div><div class=\"swiper-slide\" role=\"group\" aria-roledescription=\"slide\" aria-label=\"6 of 6\"><a data-elementor-open-lightbox=\"yes\" data-elementor-lightbox-slideshow=\"abd1d44\" data-elementor-lightbox-description=\"Pusk\u00e1s Ferenc Stadion kivitelez\u00e9se, pilon fejt\u00f6mbje alatti c\u00f6l\u00f6p\u00f6k visszav\u00e9s\u00e9se\" data-e-action-hash=\"#elementor-action%3Aaction%3Dlightbox%26settings%3DeyJpZCI6MjQ0OSwidXJsIjoiaHR0cHM6XC9cL3BldGlra2Z0Lmh1XC93cC1jb250ZW50XC91cGxvYWRzXC8yMDI1XC8wNlwvUHVza2FzLWNvbG9wb2stMS1zY2FsZWQuanBnIiwic2xpZGVzaG93IjoiYWJkMWQ0NCJ9\" href=\"https:\/\/petikkft.hu\/wp-content\/uploads\/2025\/06\/Puskas-colopok-1-scaled.jpg\"><figure class=\"swiper-slide-inner\"><img class=\"swiper-slide-image swiper-lazy\" data-src=\"https:\/\/petikkft.hu\/wp-content\/uploads\/2025\/06\/Puskas-colopok-1-scaled.jpg\" alt=\"Pusk\u00e1s Ferenc Stadion kivitelez\u00e9se, pilon fejt\u00f6mbje alatti c\u00f6l\u00f6p\u00f6k visszav\u00e9s\u00e9se\" \/><div class=\"swiper-lazy-preloader\"><\/div><figcaption class=\"elementor-image-carousel-caption\">Construction of the Pusk\u00e1s Ferenc Stadium, cutting back of piles under the pylon base block<\/figcaption><\/figure><\/a><\/div>\t\t\t<\/div>\n\t\t\t\t\t\t\t\t\t\t\t\t<div class=\"elementor-swiper-button elementor-swiper-button-prev\" role=\"button\" tabindex=\"0\">\n\t\t\t\t\t\t<svg xmlns=\"http:\/\/www.w3.org\/2000\/svg\" width=\"57\" height=\"57\" viewbox=\"0 0 57 57\" fill=\"none\"><rect x=\"28.2842\" y=\"56.5685\" width=\"40\" height=\"40\" rx=\"10\" transform=\"rotate(-135 28.2842 56.5685)\" fill=\"#E7FF60\"><\/rect><path d=\"M40.5674 30.0685C41.3959 30.0685 42.0674 29.397 42.0674 28.5685C42.0674 27.7401 41.3959 27.0685 40.5674 27.0685L40.5674 28.5685L40.5674 30.0685ZM17.5068 27.5079C16.921 28.0937 16.921 29.0434 17.5068 29.6292L27.0527 39.1751C27.6385 39.7609 28.5883 39.7609 29.174 39.1751C29.7598 38.5894 29.7598 37.6396 29.174 37.0538L20.6888 28.5685L29.174 20.0833C29.7598 19.4975 29.7598 18.5477 29.174 17.9619C28.5883 17.3762 27.6385 17.3762 27.0527 17.9619L17.5068 27.5079ZM40.5674 28.5685L40.5674 27.0685L18.5674 27.0685L18.5674 28.5685L18.5674 30.0685L40.5674 30.0685L40.5674 28.5685Z\" fill=\"#036600\"><\/path><\/svg>\t\t\t\t\t<\/div>\n\t\t\t\t\t<div class=\"elementor-swiper-button elementor-swiper-button-next\" role=\"button\" tabindex=\"0\">\n\t\t\t\t\t\t<svg xmlns=\"http:\/\/www.w3.org\/2000\/svg\" width=\"57\" height=\"57\" viewbox=\"0 0 57 57\" fill=\"none\"><rect x=\"28.2842\" width=\"40\" height=\"40\" rx=\"10\" transform=\"rotate(45 28.2842 0)\" fill=\"#E7FF60\"><\/rect><path d=\"M16.001 26.5C15.1725 26.5 14.501 27.1716 14.501 28C14.501 28.8284 15.1725 29.5 16.001 29.5L16.001 28L16.001 26.5ZM39.0616 29.0607C39.6474 28.4749 39.6474 27.5251 39.0616 26.9393L29.5157 17.3934C28.9299 16.8076 27.9802 16.8076 27.3944 17.3934C26.8086 17.9792 26.8086 18.9289 27.3944 19.5147L35.8797 28L27.3944 36.4853C26.8086 37.0711 26.8086 38.0208 27.3944 38.6066C27.9802 39.1924 28.9299 39.1924 29.5157 38.6066L39.0616 29.0607ZM16.001 28L16.001 29.5L38.001 29.5L38.001 28L38.001 26.5L16.001 26.5L16.001 28Z\" fill=\"#036600\"><\/path><\/svg>\t\t\t\t\t<\/div>\n\t\t\t\t\n\t\t\t\t\t\t\t\t\t<\/div>\n\t\t\t\t\t\t<\/div>\n\t\t\t\t<\/div>\n\t\t<div class=\"elementor-element elementor-element-ed17f39 e-con-full gray-container e-flex e-con e-child\" data-id=\"ed17f39\" data-element_type=\"container\" data-e-type=\"container\">\n\t\t\t\t<div class=\"elementor-element elementor-element-32ea1d8 elementor-widget elementor-widget-text-editor\" data-id=\"32ea1d8\" data-element_type=\"widget\" data-e-type=\"widget\" data-widget_type=\"text-editor.default\">\n\t\t\t\t<div class=\"elementor-widget-container\">\n\t\t\t\t\t\t\t\t\t<h2>Our references<img decoding=\"async\" class=\"float-right m-n-20 alignnone wp-image-3221 size-full\" src=\"http:\/\/petikkft.hu\/wp-content\/uploads\/2026\/02\/posticon-referenciaink.svg\" alt=\"\" width=\"91\" height=\"91\" \/><\/h2>\n<strong>Some of our more significant references related to the activity:<\/strong>\n<ul>\n<li>Pusk\u00e1s Ferenc Stadium<\/li>\n<li>House of Hungarian Music<\/li>\n<li>Budapest Sports Arena (Papp L\u00e1szl\u00f3 Sports Arena)<\/li>\n<li>Cora, Tesco, BricoStore, Spar, Interspar, Family Center, Penny, Tesco stores throughout the country<\/li>\n<li>Plaza (Plaza Centers) shopping centers throughout the country<\/li>\n<li>Wind farm in the Zirc area<\/li>\n<li>Bp. XI. Skanska office building<\/li>\n<li>Bp. XIV. Ar\u00e9na Plaza<\/li>\n<li>Duna\u00fajv\u00e1ros, Paper Factory<\/li>\n<li>Bp. D\u00f3zsa Gy\u00f6rgy \u00fat \u2013 V\u00e1ci \u00fat K4 office building<\/li>\n<li>Bp. V\u00e1ci \u00fat, SKANSKA, NLO office building<\/li>\n<li>Hundreds of storage halls, office buildings, residential parks, family houses, tower cranes<\/li>\n<\/ul><\/li>\n<\/ul>\t\t\t\t\t\t\t\t<\/div>\n\t\t\t\t<\/div>\n\t\t\t\t<\/div>\n\t\t<div class=\"elementor-element elementor-element-4759a57 brick-bg quickoffer-container e-con-full e-flex e-con e-child\" data-id=\"4759a57\" data-element_type=\"container\" data-e-type=\"container\">\n\t\t<div class=\"elementor-element elementor-element-e843425 e-con-full e-flex e-con e-child\" data-id=\"e843425\" data-element_type=\"container\" data-e-type=\"container\">\n\t\t\t\t<div class=\"elementor-element elementor-element-e01054e elementor-widget__width-initial elementor-widget elementor-widget-text-editor\" data-id=\"e01054e\" data-element_type=\"widget\" data-e-type=\"widget\" data-widget_type=\"text-editor.default\">\n\t\t\t\t<div class=\"elementor-widget-container\">\n\t\t\t\t\t\t\t\t\t<a class=\"btn btn-accent\" href=\"\/en\/kapcsolat\/\" style=\"white-space:nowrap\">Get a Quick Quote<\/a>\t\t\t\t\t\t\t\t<\/div>\n\t\t\t\t<\/div>\n\t\t\t\t<\/div>\n\t\t<div class=\"elementor-element elementor-element-c7ba1d3 e-con-full e-flex e-con e-child\" data-id=\"c7ba1d3\" data-element_type=\"container\" data-e-type=\"container\">\n\t\t\t\t<div class=\"elementor-element elementor-element-6365611 elementor-widget elementor-widget-text-editor\" data-id=\"6365611\" data-element_type=\"widget\" data-e-type=\"widget\" data-widget_type=\"text-editor.default\">\n\t\t\t\t<div class=\"elementor-widget-container\">\n\t\t\t\t\t\t\t\t\t<p><a class=\"text-white arrow-link\" href=\"\/en\/munkagodor-korulzaras-tervezese\/\">Excavation Support System Design<\/a><\/p>\t\t\t\t\t\t\t\t<\/div>\n\t\t\t\t<\/div>\n\t\t\t\t<\/div>\n\t\t\t\t<\/div>\n\t\t\t\t<\/div>\n\t\t\t\t\t<\/div>\n\t\t\t\t<\/div>\n\t\t\t\t\t<\/div>\n\t\t\t\t<\/div>\n\t\t\t\t<\/div>","protected":false},"excerpt":{"rendered":"<p>Szolg\u00e1ltat\u00e1sok Talajvizsg\u00e1lati jelent\u00e9s Alapoz\u00e1s tervez\u00e9se Alapmeger\u0151s\u00edt\u00e9s tervez\u00e9s Munkag\u00f6d\u00f6r k\u00f6r\u00fclz\u00e1r\u00e1s tervez\u00e9se R\u00e9zs\u0171\u00e1ll\u00e9konys\u00e1g, stabilit\u00e1s vizsg\u00e1lata Geotechnikai szakfel\u00fcgyelet ell\u00e1t\u00e1sa \u00c1llapotfelv\u00e9tel Talaj- \u00e9s talajv\u00edz- szennyezetts\u00e9gi el\u0151vizsg\u00e1latok Igazs\u00e1g\u00fcgyi szak\u00e9rt\u00e9s Geod\u00e9ziai felm\u00e9r\u00e9s X Alapoz\u00e1s tervez\u00e9se \u00e9p\u00edtm\u00e9nyekhez a k\u00fcl\u00f6nb\u00f6z\u0151 tervf\u00e1zisokban enged\u00e9lyez\u00e9si tender kiviteli \u00a0 Els\u0151sorban m\u00e9lyalapoz\u00e1si szerkezetek tervez\u00e9s\u00e9vel foglalkozik C\u00e9g\u00fcnk, mint p\u00e9ld\u00e1ul: c\u00f6l\u00f6palapoz\u00e1s (CFA, Omega, Screw-sol, Ductile, &hellip;<\/p>","protected":false},"author":1,"featured_media":0,"parent":0,"menu_order":0,"comment_status":"closed","ping_status":"closed","template":"elementor_header_footer","meta":{"inline_featured_image":false,"footnotes":""},"class_list":["post-2181","page","type-page","status-publish","hentry"],"_links":{"self":[{"href":"https:\/\/petikkft.hu\/en\/wp-json\/wp\/v2\/pages\/2181","targetHints":{"allow":["GET"]}}],"collection":[{"href":"https:\/\/petikkft.hu\/en\/wp-json\/wp\/v2\/pages"}],"about":[{"href":"https:\/\/petikkft.hu\/en\/wp-json\/wp\/v2\/types\/page"}],"author":[{"embeddable":true,"href":"https:\/\/petikkft.hu\/en\/wp-json\/wp\/v2\/users\/1"}],"replies":[{"embeddable":true,"href":"https:\/\/petikkft.hu\/en\/wp-json\/wp\/v2\/comments?post=2181"}],"version-history":[{"count":3,"href":"https:\/\/petikkft.hu\/en\/wp-json\/wp\/v2\/pages\/2181\/revisions"}],"predecessor-version":[{"id":4546,"href":"https:\/\/petikkft.hu\/en\/wp-json\/wp\/v2\/pages\/2181\/revisions\/4546"}],"wp:attachment":[{"href":"https:\/\/petikkft.hu\/en\/wp-json\/wp\/v2\/media?parent=2181"}],"curies":[{"name":"wp","href":"https:\/\/api.w.org\/{rel}","templated":true}]}}