{"id":1623,"date":"2024-08-18T08:23:15","date_gmt":"2024-08-18T08:23:15","guid":{"rendered":"https:\/\/modinatheme.com\/eonfik\/?page_id=1623"},"modified":"2026-04-23T16:25:25","modified_gmt":"2026-04-23T14:25:25","slug":"talajvizsgalati-jelentes-es-geotechnikai-tervezesi-beszamolo","status":"publish","type":"page","link":"https:\/\/petikkft.hu\/en\/talajvizsgalati-jelentes-es-geotechnikai-tervezesi-beszamolo\/","title":{"rendered":"Soil Investigation Report and Geotechnical Design Report"},"content":{"rendered":"<div data-elementor-type=\"wp-page\" data-elementor-id=\"1623\" class=\"elementor elementor-1623\">\n\t\t\t\t<div class=\"elementor-element elementor-element-bcff5cd banner-section brick-bg e-flex e-con-boxed e-con e-parent\" data-id=\"bcff5cd\" data-element_type=\"container\" data-e-type=\"container\" data-settings=\"{&quot;background_background&quot;:&quot;classic&quot;}\">\n\t\t\t\t\t<div class=\"e-con-inner\">\n\t\t\t\t<div class=\"elementor-element elementor-element-ad2944e elementor-widget elementor-widget-heading\" data-id=\"ad2944e\" data-element_type=\"widget\" data-e-type=\"widget\" data-widget_type=\"heading.default\">\n\t\t\t\t<div class=\"elementor-widget-container\">\n\t\t\t\t\t<h2 class=\"elementor-heading-title elementor-size-default\">Our Services<\/h2>\t\t\t\t<\/div>\n\t\t\t\t<\/div>\n\t\t\t\t\t<\/div>\n\t\t\t\t<\/div>\n\t\t<div class=\"elementor-element elementor-element-4195f9b e-flex e-con-boxed e-con e-parent\" data-id=\"4195f9b\" data-element_type=\"container\" data-e-type=\"container\">\n\t\t\t\t\t<div class=\"e-con-inner\">\n\t\t<div class=\"elementor-element elementor-element-42e67e5 e-con-full szolgaltatas-linkek elementor-hidden-mobile e-flex e-con e-child\" data-id=\"42e67e5\" data-element_type=\"container\" data-e-type=\"container\">\n\t\t\t\t<div class=\"elementor-element elementor-element-6486fe7 elementor-widget elementor-widget-ekit-nav-menu\" data-id=\"6486fe7\" data-element_type=\"widget\" data-e-type=\"widget\" data-widget_type=\"ekit-nav-menu.default\">\n\t\t\t\t<div class=\"elementor-widget-container\">\n\t\t\t\t\t\t\t<nav class=\"ekit-wid-con ekit_menu_responsive_mobile\"\n\t\t\tdata-hamburger-icon=\"\"\n\t\t\tdata-hamburger-icon-type=\"icon\"\n\t\t\tdata-responsive-breakpoint=\"767\">\n\t\t\t            <button class=\"elementskit-menu-hamburger elementskit-menu-toggler\"  type=\"button\" aria-label=\"hamburger-icon\">\n                                    <span class=\"elementskit-menu-hamburger-icon\"><\/span><span class=\"elementskit-menu-hamburger-icon\"><\/span><span class=\"elementskit-menu-hamburger-icon\"><\/span>\n                            <\/button>\n            <div id=\"ekit-megamenu-szolgaltatasok\" class=\"elementskit-menu-container elementskit-menu-offcanvas-elements elementskit-navbar-nav-default ekit-nav-menu-one-page-no ekit-nav-dropdown-hover\"><ul id=\"menu-szolgaltatasok\" class=\"elementskit-navbar-nav elementskit-menu-po-left submenu-click-on-icon\"><li id=\"menu-item-3654\" class=\"menu-item menu-item-type-post_type menu-item-object-page\"><a href=\"https:\/\/petikkft.hu\/en\/talajvizsgalati-jelentes-es-geotechnikai-tervezesi-beszamolo\/\">Soil Investigation Report<\/a><\/li>\n<li id=\"menu-item-3653\" class=\"menu-item menu-item-type-post_type menu-item-object-page\"><a href=\"https:\/\/petikkft.hu\/en\/alapozas-tervezese-epitmenyekhez-a-kulonbozo-tervfazisokban\/\">Foundation Design<\/a><\/li>\n<li id=\"menu-item-3651\" class=\"menu-item menu-item-type-post_type menu-item-object-page\"><a href=\"https:\/\/petikkft.hu\/en\/alapmegerosites-tervezes\/\">Foundation Reinforcement Design<\/a><\/li>\n<li id=\"menu-item-3652\" class=\"menu-item menu-item-type-post_type menu-item-object-page\"><a href=\"https:\/\/petikkft.hu\/en\/munkagodor-korulzaras-tervezese\/\">Excavation Support System Design<\/a><\/li>\n<li id=\"menu-item-3650\" class=\"menu-item menu-item-type-post_type menu-item-object-page\"><a href=\"https:\/\/petikkft.hu\/en\/rezsuallekonysag-stabilitas-vizsgalata\/\">Slope Stability Analysis<\/a><\/li>\n<li id=\"menu-item-3649\" class=\"menu-item menu-item-type-post_type menu-item-object-page\"><a href=\"https:\/\/petikkft.hu\/en\/geotechnikai-szakfelugyelet-ellatasa\/\">Provision of Geotechnical Supervision<\/a><\/li>\n<li id=\"menu-item-3655\" class=\"menu-item menu-item-type-post_type menu-item-object-page\"><a href=\"https:\/\/petikkft.hu\/en\/allapotfelvetel\/\">Condition Survey<\/a><\/li>\n<li id=\"menu-item-3648\" class=\"menu-item menu-item-type-post_type menu-item-object-page\"><a href=\"https:\/\/petikkft.hu\/en\/talaj-es-talajviz-szennyezettsegi-elovizsgalatok\/\">Soil and Groundwater Contamination Preliminary Studies<\/a><\/li>\n<li id=\"menu-item-3647\" class=\"menu-item menu-item-type-post_type menu-item-object-page\"><a href=\"https:\/\/petikkft.hu\/en\/igazsagugyi-szakertes\/\">Forensic Engineering<\/a><\/li>\n<li id=\"menu-item-3646\" class=\"menu-item menu-item-type-post_type menu-item-object-page\"><a href=\"https:\/\/petikkft.hu\/en\/geodeziai-felmeres\/\">Geodetic Survey<\/a><\/li>\n<\/ul><div class=\"elementskit-nav-identity-panel\"><button class=\"elementskit-menu-close elementskit-menu-toggler\" type=\"button\">X<\/button><\/div><\/div>\n\t\t\t<div class=\"elementskit-menu-overlay elementskit-menu-offcanvas-elements elementskit-menu-toggler ekit-nav-menu--overlay\"><\/div>        <\/nav>\n\t\t\t\t\t\t<\/div>\n\t\t\t\t<\/div>\n\t\t\t\t<\/div>\n\t\t<div class=\"elementor-element elementor-element-7a50a9c e-flex e-con-boxed e-con e-child\" data-id=\"7a50a9c\" data-element_type=\"container\" data-e-type=\"container\">\n\t\t\t\t\t<div class=\"e-con-inner\">\n\t\t<div class=\"elementor-element elementor-element-a0ab959 e-con-full e-flex e-con e-child\" data-id=\"a0ab959\" data-element_type=\"container\" data-e-type=\"container\">\n\t\t\t\t<div class=\"elementor-element elementor-element-3aae9d1 title elementor-widget elementor-widget-heading\" data-id=\"3aae9d1\" data-element_type=\"widget\" data-e-type=\"widget\" data-widget_type=\"heading.default\">\n\t\t\t\t<div class=\"elementor-widget-container\">\n\t\t\t\t\t<h2 class=\"elementor-heading-title elementor-size-default\">Soil Investigation Report and Geotechnical Design Report<\/h2>\t\t\t\t<\/div>\n\t\t\t\t<\/div>\n\t\t\t\t<div class=\"elementor-element elementor-element-5046ff5 elementor-widget elementor-widget-text-editor\" data-id=\"5046ff5\" data-element_type=\"widget\" data-e-type=\"widget\" data-widget_type=\"text-editor.default\">\n\t\t\t\t<div class=\"elementor-widget-container\">\n\t\t\t\t\t\t\t\t\t<p><strong>Previously: Preparing geotechnical reports for projects ranging from residential houses to warehouses of tens of thousands of square meters, and from single-story buildings to underground garages with up to 5 levels.<\/strong><\/p><p>Based on the Eurocode standards in force since 2011, the former soil mechanics (geotechnical) expert opinion has been split into a Soil Investigation Report and a Geotechnical Design Report. The Soil Investigation Report (TVJ) presents the soil and groundwater conditions of the area based on field explorations and laboratory tests. The Geotechnical Design Report (GTB) examines the subsoil and groundwater conditions of the area, the construction possibilities, and provides the characteristic values of the soil physical parameters necessary for the design, knowing the planned construction.<\/p><p>It provides suggestions for foundation methods, depths, possible construction pit retention solutions, and dewatering options. The Geotechnical Design Report can be prepared in accordance with the various design phases (study, permit, tender, execution). Our company \u2013 in accordance with our clients' needs \u2013 can prepare the two documents within the framework of one assignment, provided that appropriate data regarding the planned structure is available.<\/p><p>For the expert opinions, we perform the field investigations partly with our own drilling team and partly with our permanent subcontractors.<\/p>\t\t\t\t\t\t\t\t<\/div>\n\t\t\t\t<\/div>\n\t\t\t\t<div class=\"elementor-element elementor-element-affd303 carousel-with-caption elementor-arrows-position-inside elementor-widget elementor-widget-image-carousel\" data-id=\"affd303\" data-element_type=\"widget\" data-e-type=\"widget\" data-settings=\"{&quot;slides_to_show&quot;:&quot;1&quot;,&quot;navigation&quot;:&quot;arrows&quot;,&quot;lazyload&quot;:&quot;yes&quot;,&quot;autoplay&quot;:&quot;yes&quot;,&quot;pause_on_interaction&quot;:&quot;yes&quot;,&quot;autoplay_speed&quot;:5000,&quot;infinite&quot;:&quot;yes&quot;,&quot;effect&quot;:&quot;slide&quot;,&quot;speed&quot;:500}\" data-widget_type=\"image-carousel.default\">\n\t\t\t\t<div class=\"elementor-widget-container\">\n\t\t\t\t\t\t\t<div class=\"elementor-image-carousel-wrapper swiper\" role=\"region\" aria-roledescription=\"carousel\" aria-label=\"Image Carousel\" dir=\"ltr\">\n\t\t\t<div class=\"elementor-image-carousel swiper-wrapper\" aria-live=\"off\">\n\t\t\t\t\t\t\t\t<div class=\"swiper-slide\" role=\"group\" aria-roledescription=\"slide\" aria-label=\"1 of 6\"><a data-elementor-open-lightbox=\"yes\" data-elementor-lightbox-slideshow=\"affd303\" data-elementor-lightbox-description=\"Nagy\u00e1tm\u00e9r\u0151j\u0171 f\u00far\u00e1s k\u00e9sz\u00edt\u00e9se Zirc t\u00e9rs\u00e9g\u00e9ben, sz\u00e9ler\u0151m\u0171 parkhoz.\" data-e-action-hash=\"#elementor-action%3Aaction%3Dlightbox%26settings%3DeyJpZCI6MjUxMSwidXJsIjoiaHR0cHM6XC9cL3BldGlra2Z0Lmh1XC93cC1jb250ZW50XC91cGxvYWRzXC8yMDI1XC8wNlwvWmlyYy1zemVsZXJvbXUtcGFyay5qcGciLCJzbGlkZXNob3ciOiJhZmZkMzAzIn0%3D\" href=\"https:\/\/petikkft.hu\/wp-content\/uploads\/2025\/06\/Zirc-szeleromu-park.jpg\"><figure class=\"swiper-slide-inner\"><img class=\"swiper-slide-image swiper-lazy\" data-src=\"https:\/\/petikkft.hu\/wp-content\/uploads\/2025\/06\/Zirc-szeleromu-park.jpg\" alt=\"Nagy\u00e1tm\u00e9r\u0151j\u0171 f\u00far\u00e1s k\u00e9sz\u00edt\u00e9se Zirc t\u00e9rs\u00e9g\u00e9ben, sz\u00e9ler\u0151m\u0171 parkhoz.\" \/><div class=\"swiper-lazy-preloader\"><\/div><figcaption class=\"elementor-image-carousel-caption\">Making a large diameter drilling in the Zirc area for a wind farm.<\/figcaption><\/figure><\/a><\/div><div class=\"swiper-slide\" role=\"group\" aria-roledescription=\"slide\" aria-label=\"2 of 6\"><a data-elementor-open-lightbox=\"yes\" data-elementor-lightbox-slideshow=\"affd303\" data-elementor-lightbox-description=\"Budapest, R\u00e1c f\u00fcrd\u0151: ferde tengely\u0171 folyamatos magf\u00far\u00e1s k\u00e9sz\u00edt\u00e9se v\u00edz\u00f6bl\u00edt\u00e9ssel Budapesten, a R\u00e1c f\u00fcrd\u0151 mellett tervezett sikl\u00f3 \u00e1llom\u00e1s\u00e1hoz a Hegyalja \u00fat alatt\" data-e-action-hash=\"#elementor-action%3Aaction%3Dlightbox%26settings%3DeyJpZCI6MjUwNywidXJsIjoiaHR0cHM6XC9cL3BldGlra2Z0Lmh1XC93cC1jb250ZW50XC91cGxvYWRzXC8yMDI1XC8wNlwvQnAuLUkuLVJhYy1mdXJkby1mZWx1aml0YXNhLmpwZyIsInNsaWRlc2hvdyI6ImFmZmQzMDMifQ%3D%3D\" href=\"https:\/\/petikkft.hu\/wp-content\/uploads\/2025\/06\/Bp.-I.-Rac-furdo-felujitasa.jpg\"><figure class=\"swiper-slide-inner\"><img class=\"swiper-slide-image swiper-lazy\" data-src=\"https:\/\/petikkft.hu\/wp-content\/uploads\/2025\/06\/Bp.-I.-Rac-furdo-felujitasa.jpg\" alt=\"Budapest, R\u00e1c f\u00fcrd\u0151: ferde tengely\u0171 folyamatos magf\u00far\u00e1s k\u00e9sz\u00edt\u00e9se v\u00edz\u00f6bl\u00edt\u00e9ssel Budapesten, a R\u00e1c f\u00fcrd\u0151 mellett tervezett sikl\u00f3 \u00e1llom\u00e1s\u00e1hoz a Hegyalja \u00fat alatt\" \/><div class=\"swiper-lazy-preloader\"><\/div><figcaption class=\"elementor-image-carousel-caption\">Budapest, R\u00e1c bath: making a slanted axis continuous core drilling with water flushing next to the R\u00e1c bath in Budapest for the planned funicular station under Hegyalja \u00fat<\/figcaption><\/figure><\/a><\/div><div class=\"swiper-slide\" role=\"group\" aria-roledescription=\"slide\" aria-label=\"3 of 6\"><a data-elementor-open-lightbox=\"yes\" data-elementor-lightbox-slideshow=\"affd303\" data-elementor-lightbox-description=\"Sopron, T\u0171ztorony fel\u00faj\u00edt\u00e1sa \u2013 Alaptest f\u00fcgg\u0151leges \u00e1tf\u00far\u00e1sa v\u00edz\u00f6bl\u00edt\u00e9ssel, folyamatos magminta v\u00e9tellel, a m\u00e9lyen fekv\u0151 alapoz\u00e1si s\u00edk, \u00e9s az alaptest anyag\u00e1nak meghat\u00e1roz\u00e1s\u00e1ra.\" data-e-action-hash=\"#elementor-action%3Aaction%3Dlightbox%26settings%3DeyJpZCI6MjUxMCwidXJsIjoiaHR0cHM6XC9cL3BldGlra2Z0Lmh1XC93cC1jb250ZW50XC91cGxvYWRzXC8yMDI1XC8wNlwvU29wcm9uLXR1enRvcm9ueS1mZWx1aml0YXNhLmpwZyIsInNsaWRlc2hvdyI6ImFmZmQzMDMifQ%3D%3D\" href=\"https:\/\/petikkft.hu\/wp-content\/uploads\/2025\/06\/Sopron-tuztorony-felujitasa.jpg\"><figure class=\"swiper-slide-inner\"><img class=\"swiper-slide-image swiper-lazy\" data-src=\"https:\/\/petikkft.hu\/wp-content\/uploads\/2025\/06\/Sopron-tuztorony-felujitasa.jpg\" alt=\"Sopron, T\u0171ztorony fel\u00faj\u00edt\u00e1sa \u2013 Alaptest f\u00fcgg\u0151leges \u00e1tf\u00far\u00e1sa v\u00edz\u00f6bl\u00edt\u00e9ssel, folyamatos magminta v\u00e9tellel, a m\u00e9lyen fekv\u0151 alapoz\u00e1si s\u00edk, \u00e9s az alaptest anyag\u00e1nak meghat\u00e1roz\u00e1s\u00e1ra.\" \/><div class=\"swiper-lazy-preloader\"><\/div><figcaption class=\"elementor-image-carousel-caption\">Sopron, renovation of the Fire Tower \u2013 Vertical drilling through the foundation with water flushing, with continuous core sampling, to determine the deep-lying foundation level and the material of the foundation.<\/figcaption><\/figure><\/a><\/div><div class=\"swiper-slide\" role=\"group\" aria-roledescription=\"slide\" aria-label=\"4 of 6\"><a data-elementor-open-lightbox=\"yes\" data-elementor-lightbox-slideshow=\"affd303\" data-elementor-lightbox-description=\"Eger, V\u00e1r, Sz\u00e9p b\u00e1stya vizsg\u00e1lat\u00e1hoz talajmechanikai f\u00far\u00e1s k\u00e9sz\u00edt\u00e9se saj\u00e1t f\u00far\u00f3g\u00e9ppel \" data-e-action-hash=\"#elementor-action%3Aaction%3Dlightbox%26settings%3DeyJpZCI6MjUwOSwidXJsIjoiaHR0cHM6XC9cL3BldGlra2Z0Lmh1XC93cC1jb250ZW50XC91cGxvYWRzXC8yMDI1XC8wNlwvU09NQUMtU0QtODAtZnVyby1zY2FsZWQuanBnIiwic2xpZGVzaG93IjoiYWZmZDMwMyJ9\" href=\"https:\/\/petikkft.hu\/wp-content\/uploads\/2025\/06\/SOMAC-SD-80-furo-scaled.jpg\"><figure class=\"swiper-slide-inner\"><img class=\"swiper-slide-image swiper-lazy\" data-src=\"https:\/\/petikkft.hu\/wp-content\/uploads\/2025\/06\/SOMAC-SD-80-furo-scaled.jpg\" alt=\"Eger, V\u00e1r, Sz\u00e9p b\u00e1stya vizsg\u00e1lat\u00e1hoz talajmechanikai f\u00far\u00e1s k\u00e9sz\u00edt\u00e9se saj\u00e1t f\u00far\u00f3g\u00e9ppel\" \/><div class=\"swiper-lazy-preloader\"><\/div><figcaption class=\"elementor-image-carousel-caption\">Making a soil mechanics drilling for the investigation of Eger Castle, Sz\u00e9p bastion with own drilling machine <\/figcaption><\/figure><\/a><\/div><div class=\"swiper-slide\" role=\"group\" aria-roledescription=\"slide\" aria-label=\"5 of 6\"><a data-elementor-open-lightbox=\"yes\" data-elementor-lightbox-slideshow=\"affd303\" data-elementor-lightbox-description=\"Eger, V\u00e1r, Sz\u00e9p b\u00e1stya vizsg\u00e1lat\u00e1hoz neh\u00e9z dinamikus ver\u0151szond\u00e1z\u00e1s k\u00e9sz\u00edt\u00e9se saj\u00e1t berendez\u00e9ssel.\" data-e-action-hash=\"#elementor-action%3Aaction%3Dlightbox%26settings%3DeyJpZCI6MjUwOCwidXJsIjoiaHR0cHM6XC9cL3BldGlra2Z0Lmh1XC93cC1jb250ZW50XC91cGxvYWRzXC8yMDI1XC8wNlwvRGluYW1pa3VzLXN6b25kYS1zY2FsZWQuanBnIiwic2xpZGVzaG93IjoiYWZmZDMwMyJ9\" href=\"https:\/\/petikkft.hu\/wp-content\/uploads\/2025\/06\/Dinamikus-szonda-scaled.jpg\"><figure class=\"swiper-slide-inner\"><img class=\"swiper-slide-image swiper-lazy\" data-src=\"https:\/\/petikkft.hu\/wp-content\/uploads\/2025\/06\/Dinamikus-szonda-scaled.jpg\" alt=\"Eger, V\u00e1r, Sz\u00e9p b\u00e1stya vizsg\u00e1lat\u00e1hoz neh\u00e9z dinamikus ver\u0151szond\u00e1z\u00e1s k\u00e9sz\u00edt\u00e9se saj\u00e1t berendez\u00e9ssel.\" \/><div class=\"swiper-lazy-preloader\"><\/div><figcaption class=\"elementor-image-carousel-caption\">Making a heavy dynamic probing for the investigation of Eger Castle, Sz\u00e9p bastion with own equipment.<\/figcaption><\/figure><\/a><\/div><div class=\"swiper-slide\" role=\"group\" aria-roledescription=\"slide\" aria-label=\"6 of 6\"><a data-elementor-open-lightbox=\"yes\" data-elementor-lightbox-slideshow=\"affd303\" data-elementor-lightbox-description=\"Munkag\u00e9ppel t\u00e1mogatott alapfelt\u00e1r\u00e1s k\u00e9sz\u00edt\u00e9se ut\u00e1n l\u00e1that\u00f3 pill\u00e9r alaptest\" data-e-action-hash=\"#elementor-action%3Aaction%3Dlightbox%26settings%3DeyJpZCI6MjUwNiwidXJsIjoiaHR0cHM6XC9cL3BldGlra2Z0Lmh1XC93cC1jb250ZW50XC91cGxvYWRzXC8yMDI1XC8wNlwvQWxhcGZlbHRhcmFzLmpwZyIsInNsaWRlc2hvdyI6ImFmZmQzMDMifQ%3D%3D\" href=\"https:\/\/petikkft.hu\/wp-content\/uploads\/2025\/06\/Alapfeltaras.jpg\"><figure class=\"swiper-slide-inner\"><img class=\"swiper-slide-image swiper-lazy\" data-src=\"https:\/\/petikkft.hu\/wp-content\/uploads\/2025\/06\/Alapfeltaras.jpg\" alt=\"Munkag\u00e9ppel t\u00e1mogatott alapfelt\u00e1r\u00e1s k\u00e9sz\u00edt\u00e9se ut\u00e1n l\u00e1that\u00f3 pill\u00e9r alaptest\" \/><div class=\"swiper-lazy-preloader\"><\/div><figcaption class=\"elementor-image-carousel-caption\">Pillar foundation visible after making a basic excavation supported by machinery<\/figcaption><\/figure><\/a><\/div>\t\t\t<\/div>\n\t\t\t\t\t\t\t\t\t\t\t\t<div class=\"elementor-swiper-button elementor-swiper-button-prev\" role=\"button\" tabindex=\"0\">\n\t\t\t\t\t\t<svg xmlns=\"http:\/\/www.w3.org\/2000\/svg\" width=\"57\" height=\"57\" viewbox=\"0 0 57 57\" fill=\"none\"><rect x=\"28.2842\" y=\"56.5685\" width=\"40\" height=\"40\" rx=\"10\" transform=\"rotate(-135 28.2842 56.5685)\" fill=\"#E7FF60\"><\/rect><path d=\"M40.5674 30.0685C41.3959 30.0685 42.0674 29.397 42.0674 28.5685C42.0674 27.7401 41.3959 27.0685 40.5674 27.0685L40.5674 28.5685L40.5674 30.0685ZM17.5068 27.5079C16.921 28.0937 16.921 29.0434 17.5068 29.6292L27.0527 39.1751C27.6385 39.7609 28.5883 39.7609 29.174 39.1751C29.7598 38.5894 29.7598 37.6396 29.174 37.0538L20.6888 28.5685L29.174 20.0833C29.7598 19.4975 29.7598 18.5477 29.174 17.9619C28.5883 17.3762 27.6385 17.3762 27.0527 17.9619L17.5068 27.5079ZM40.5674 28.5685L40.5674 27.0685L18.5674 27.0685L18.5674 28.5685L18.5674 30.0685L40.5674 30.0685L40.5674 28.5685Z\" fill=\"#036600\"><\/path><\/svg>\t\t\t\t\t<\/div>\n\t\t\t\t\t<div class=\"elementor-swiper-button elementor-swiper-button-next\" role=\"button\" tabindex=\"0\">\n\t\t\t\t\t\t<svg xmlns=\"http:\/\/www.w3.org\/2000\/svg\" width=\"57\" height=\"57\" viewbox=\"0 0 57 57\" fill=\"none\"><rect x=\"28.2842\" width=\"40\" height=\"40\" rx=\"10\" transform=\"rotate(45 28.2842 0)\" fill=\"#E7FF60\"><\/rect><path d=\"M16.001 26.5C15.1725 26.5 14.501 27.1716 14.501 28C14.501 28.8284 15.1725 29.5 16.001 29.5L16.001 28L16.001 26.5ZM39.0616 29.0607C39.6474 28.4749 39.6474 27.5251 39.0616 26.9393L29.5157 17.3934C28.9299 16.8076 27.9802 16.8076 27.3944 17.3934C26.8086 17.9792 26.8086 18.9289 27.3944 19.5147L35.8797 28L27.3944 36.4853C26.8086 37.0711 26.8086 38.0208 27.3944 38.6066C27.9802 39.1924 28.9299 39.1924 29.5157 38.6066L39.0616 29.0607ZM16.001 28L16.001 29.5L38.001 29.5L38.001 28L38.001 26.5L16.001 26.5L16.001 28Z\" fill=\"#036600\"><\/path><\/svg>\t\t\t\t\t<\/div>\n\t\t\t\t\n\t\t\t\t\t\t\t\t\t<\/div>\n\t\t\t\t\t\t<\/div>\n\t\t\t\t<\/div>\n\t\t<div class=\"elementor-element elementor-element-51d4a9d e-con-full gray-container e-flex e-con e-child\" data-id=\"51d4a9d\" data-element_type=\"container\" data-e-type=\"container\">\n\t\t\t\t<div class=\"elementor-element elementor-element-ff7a7f4 elementor-widget elementor-widget-text-editor\" data-id=\"ff7a7f4\" data-element_type=\"widget\" data-e-type=\"widget\" data-widget_type=\"text-editor.default\">\n\t\t\t\t<div class=\"elementor-widget-container\">\n\t\t\t\t\t\t\t\t\t<h2>Our references<img decoding=\"async\" class=\"float-right m-n-20 alignnone wp-image-3221 size-full\" src=\"http:\/\/petikkft.hu\/wp-content\/uploads\/2026\/02\/posticon-referenciaink.svg\" alt=\"\" width=\"91\" height=\"91\" \/><\/h2><p><strong>Some of our more significant references related to the activity:<\/strong><\/p><ul role=\"list\"><li>House of Hungarian Music<\/li><li>National Skating Center<\/li><li>Budapest Sports Arena (Papp L\u00e1szl\u00f3 Sports Arena)<\/li><li>Bp. I. R\u00e1c bath reconstruction<\/li><li>Bp. I. V\u00e1rkert Bazaar reconstruction<\/li><li>Cora, Tesco, BricoStore, Spar, Interspar, Family Center, Penny, Tesco stores throughout the country<\/li><li>Plaza (Plaza Centers) shopping centers throughout the country<\/li><li>Wind farm in the Zirc area<\/li><li>Hatvan, BOSCH production hall<\/li><li>Veresegyh\u00e1z, GE<\/li><li>Budapest Millennium City Center<\/li><li>Budapest Infopark<\/li><li>Bp. XI. Skanska office building<\/li><li>Bp. III. Haj\u00f3gy\u00e1ri Island \"Dream Island\"<\/li><li>Bp. VII. Royal Hotel<\/li><li>Bp. XV. P\u00f3lus Center Phase II<\/li><li>Borsod crude oil pipeline<\/li><li>Kalocsa area drinking water pipeline<\/li><li>Bp. I. Lovas utca \u2013 underground garage<\/li><li>Bp. I. Szab\u00f3 Ilonka utca \u2013 underground garage<\/li><li>Hundreds of storage halls, office buildings, residential parks, family houses...\u00a0<\/li><\/ul>\t\t\t\t\t\t\t\t<\/div>\n\t\t\t\t<\/div>\n\t\t\t\t<\/div>\n\t\t<div class=\"elementor-element elementor-element-f32e087 e-con-full gray-container e-flex e-con e-child\" data-id=\"f32e087\" data-element_type=\"container\" data-e-type=\"container\">\n\t\t\t\t<div class=\"elementor-element elementor-element-73afdc2 elementor-widget elementor-widget-text-editor\" data-id=\"73afdc2\" data-element_type=\"widget\" data-e-type=\"widget\" data-widget_type=\"text-editor.default\">\n\t\t\t\t<div class=\"elementor-widget-container\">\n\t\t\t\t\t\t\t\t\t<h2>Technology<img decoding=\"async\" width=\"91\" height=\"91\" class=\"float-right m-n-20 alignnone wp-image-3223 size-full\" src=\"http:\/\/petikkft.hu\/wp-content\/uploads\/2026\/02\/posticon-technologia.svg\" alt=\"\" \/><\/h2><p><strong>We have the following technologies available for on-site investigations: <br \/><\/strong><strong>The following technologies:<\/strong><\/p><ul role=\"list\"><li>\u042455 mm manual Borro geotechnical drilling rig<\/li><li>\u042465\u2013103 mm self-propelled rubber-tracked geotechnical drilling rig<\/li><li>\u0424130-180 mm mechanical soil mechanics and rock drill (if necessary, with continuous core sampling from rock with water flushing \u2013 GEOBOR)<\/li><li>Heavy dynamic probing (DPH)<\/li><li>CPT static probe<\/li><li>Construction machinery for basic excavations, research pits<\/li><\/ul>\t\t\t\t\t\t\t\t<\/div>\n\t\t\t\t<\/div>\n\t\t\t\t<\/div>\n\t\t<div class=\"elementor-element elementor-element-3d4db24 brick-bg quickoffer-container e-con-full e-flex e-con e-child\" data-id=\"3d4db24\" data-element_type=\"container\" data-e-type=\"container\">\n\t\t<div class=\"elementor-element elementor-element-ade3ed0 e-con-full e-flex e-con e-child\" data-id=\"ade3ed0\" data-element_type=\"container\" data-e-type=\"container\">\n\t\t\t\t<div class=\"elementor-element elementor-element-457e4d0 elementor-widget__width-initial elementor-widget elementor-widget-text-editor\" data-id=\"457e4d0\" data-element_type=\"widget\" data-e-type=\"widget\" data-widget_type=\"text-editor.default\">\n\t\t\t\t<div class=\"elementor-widget-container\">\n\t\t\t\t\t\t\t\t\t<a class=\"btn btn-accent\" href=\"\/en\/kapcsolat\/\" style=\"white-space:nowrap\">Get a Quick Quote<\/a>\t\t\t\t\t\t\t\t<\/div>\n\t\t\t\t<\/div>\n\t\t\t\t<\/div>\n\t\t<div class=\"elementor-element elementor-element-8359166 e-con-full e-flex e-con e-child\" data-id=\"8359166\" data-element_type=\"container\" data-e-type=\"container\">\n\t\t\t\t<div class=\"elementor-element elementor-element-2553d4b elementor-widget elementor-widget-text-editor\" data-id=\"2553d4b\" data-element_type=\"widget\" data-e-type=\"widget\" data-widget_type=\"text-editor.default\">\n\t\t\t\t<div class=\"elementor-widget-container\">\n\t\t\t\t\t\t\t\t\t<p><a class=\"text-white arrow-link\" href=\"\/en\/alapozas-tervezese-epitmenyekhez-a-kulonbozo-tervfazisokban\/\">Foundation Design<\/a><\/p>\t\t\t\t\t\t\t\t<\/div>\n\t\t\t\t<\/div>\n\t\t\t\t<\/div>\n\t\t\t\t<\/div>\n\t\t\t\t<\/div>\n\t\t\t\t\t<\/div>\n\t\t\t\t<\/div>\n\t\t\t\t\t<\/div>\n\t\t\t\t<\/div>\n\t\t\t\t<\/div>","protected":false},"excerpt":{"rendered":"<p>Szolg\u00e1ltat\u00e1sok Talajvizsg\u00e1lati jelent\u00e9s Alapoz\u00e1s tervez\u00e9se Alapmeger\u0151s\u00edt\u00e9s tervez\u00e9s Munkag\u00f6d\u00f6r k\u00f6r\u00fclz\u00e1r\u00e1s tervez\u00e9se R\u00e9zs\u0171\u00e1ll\u00e9konys\u00e1g, stabilit\u00e1s vizsg\u00e1lata Geotechnikai szakfel\u00fcgyelet ell\u00e1t\u00e1sa \u00c1llapotfelv\u00e9tel Talaj- \u00e9s talajv\u00edz- szennyezetts\u00e9gi el\u0151vizsg\u00e1latok Igazs\u00e1g\u00fcgyi szak\u00e9rt\u00e9s Geod\u00e9ziai felm\u00e9r\u00e9s X Talajvizsg\u00e1lati jelent\u00e9s \u00e9s geotechnikai tervez\u00e9si besz\u00e1mol\u00f3 Kor\u00e1bban: \u201etalajmechanikai szakv\u00e9lem\u00e9ny\u201d k\u00e9sz\u00edt\u00e9se csal\u00e1di h\u00e1zakt\u00f3l, a t\u00f6bb t\u00edzezer n\u00e9gyzetm\u00e9teres csarnokokig, f\u00f6ldszintest\u0151l a -5 szintes m\u00e9lygar\u00e1zsokig. A &hellip;<\/p>","protected":false},"author":1,"featured_media":0,"parent":0,"menu_order":0,"comment_status":"closed","ping_status":"closed","template":"elementor_header_footer","meta":{"inline_featured_image":false,"footnotes":""},"class_list":["post-1623","page","type-page","status-publish","hentry"],"_links":{"self":[{"href":"https:\/\/petikkft.hu\/en\/wp-json\/wp\/v2\/pages\/1623","targetHints":{"allow":["GET"]}}],"collection":[{"href":"https:\/\/petikkft.hu\/en\/wp-json\/wp\/v2\/pages"}],"about":[{"href":"https:\/\/petikkft.hu\/en\/wp-json\/wp\/v2\/types\/page"}],"author":[{"embeddable":true,"href":"https:\/\/petikkft.hu\/en\/wp-json\/wp\/v2\/users\/1"}],"replies":[{"embeddable":true,"href":"https:\/\/petikkft.hu\/en\/wp-json\/wp\/v2\/comments?post=1623"}],"version-history":[{"count":27,"href":"https:\/\/petikkft.hu\/en\/wp-json\/wp\/v2\/pages\/1623\/revisions"}],"predecessor-version":[{"id":4614,"href":"https:\/\/petikkft.hu\/en\/wp-json\/wp\/v2\/pages\/1623\/revisions\/4614"}],"wp:attachment":[{"href":"https:\/\/petikkft.hu\/en\/wp-json\/wp\/v2\/media?parent=1623"}],"curies":[{"name":"wp","href":"https:\/\/api.w.org\/{rel}","templated":true}]}}