{"id":2251,"date":"2025-03-02T19:43:52","date_gmt":"2025-03-02T18:43:52","guid":{"rendered":"https:\/\/3.120.175.82\/?page_id=2251"},"modified":"2026-03-27T15:04:01","modified_gmt":"2026-03-27T14:04:01","slug":"talaj-es-talajviz-szennyezettsegi-elovizsgalatok","status":"publish","type":"page","link":"http:\/\/petikkft.hu\/en\/talaj-es-talajviz-szennyezettsegi-elovizsgalatok\/","title":{"rendered":"Soil and Groundwater Contamination Preliminary Studies"},"content":{"rendered":"<div data-elementor-type=\"wp-page\" data-elementor-id=\"2251\" class=\"elementor elementor-2251\">\n\t\t\t\t<div class=\"elementor-element elementor-element-22fec6a banner-section brick-bg e-flex e-con-boxed e-con e-parent\" data-id=\"22fec6a\" data-element_type=\"container\" data-e-type=\"container\" data-settings=\"{&quot;background_background&quot;:&quot;classic&quot;}\">\n\t\t\t\t\t<div class=\"e-con-inner\">\n\t\t\t\t<div class=\"elementor-element elementor-element-a4eab9c elementor-widget elementor-widget-heading\" data-id=\"a4eab9c\" data-element_type=\"widget\" data-e-type=\"widget\" data-widget_type=\"heading.default\">\n\t\t\t\t<div class=\"elementor-widget-container\">\n\t\t\t\t\t<h2 class=\"elementor-heading-title elementor-size-default\">Our Services<\/h2>\t\t\t\t<\/div>\n\t\t\t\t<\/div>\n\t\t\t\t\t<\/div>\n\t\t\t\t<\/div>\n\t\t<div class=\"elementor-element elementor-element-c3137cb e-flex e-con-boxed e-con e-parent\" data-id=\"c3137cb\" data-element_type=\"container\" data-e-type=\"container\">\n\t\t\t\t\t<div class=\"e-con-inner\">\n\t\t<div class=\"elementor-element elementor-element-3c81110 e-con-full szolgaltatas-linkek elementor-hidden-mobile e-flex e-con e-child\" data-id=\"3c81110\" data-element_type=\"container\" data-e-type=\"container\">\n\t\t\t\t<div class=\"elementor-element elementor-element-129d9cc elementor-widget elementor-widget-ekit-nav-menu\" data-id=\"129d9cc\" data-element_type=\"widget\" data-e-type=\"widget\" data-widget_type=\"ekit-nav-menu.default\">\n\t\t\t\t<div class=\"elementor-widget-container\">\n\t\t\t\t\t\t\t<nav class=\"ekit-wid-con ekit_menu_responsive_mobile\"\n\t\t\tdata-hamburger-icon=\"\"\n\t\t\tdata-hamburger-icon-type=\"icon\"\n\t\t\tdata-responsive-breakpoint=\"767\">\n\t\t\t            <button class=\"elementskit-menu-hamburger elementskit-menu-toggler\"  type=\"button\" aria-label=\"hamburger-icon\">\n                                    <span class=\"elementskit-menu-hamburger-icon\"><\/span><span class=\"elementskit-menu-hamburger-icon\"><\/span><span class=\"elementskit-menu-hamburger-icon\"><\/span>\n                            <\/button>\n            <div id=\"ekit-megamenu-szolgaltatasok\" class=\"elementskit-menu-container elementskit-menu-offcanvas-elements elementskit-navbar-nav-default ekit-nav-menu-one-page-no ekit-nav-dropdown-hover\"><ul id=\"menu-szolgaltatasok\" class=\"elementskit-navbar-nav elementskit-menu-po-left submenu-click-on-icon\"><li id=\"menu-item-3654\" class=\"menu-item menu-item-type-post_type menu-item-object-page\"><a href=\"http:\/\/petikkft.hu\/en\/talajvizsgalati-jelentes-es-geotechnikai-tervezesi-beszamolo\/\">Soil Investigation Report<\/a><\/li>\n<li id=\"menu-item-3653\" class=\"menu-item menu-item-type-post_type menu-item-object-page\"><a href=\"http:\/\/petikkft.hu\/en\/alapozas-tervezese-epitmenyekhez-a-kulonbozo-tervfazisokban\/\">Foundation Design<\/a><\/li>\n<li id=\"menu-item-3651\" class=\"menu-item menu-item-type-post_type menu-item-object-page\"><a href=\"http:\/\/petikkft.hu\/en\/alapmegerosites-tervezes\/\">Foundation Reinforcement Design<\/a><\/li>\n<li id=\"menu-item-3652\" class=\"menu-item menu-item-type-post_type menu-item-object-page\"><a href=\"http:\/\/petikkft.hu\/en\/munkagodor-korulzaras-tervezese\/\">Excavation Support System Design<\/a><\/li>\n<li id=\"menu-item-3650\" class=\"menu-item menu-item-type-post_type menu-item-object-page\"><a href=\"http:\/\/petikkft.hu\/en\/rezsuallekonysag-stabilitas-vizsgalata\/\">Slope Stability Analysis<\/a><\/li>\n<li id=\"menu-item-3649\" class=\"menu-item menu-item-type-post_type menu-item-object-page\"><a href=\"http:\/\/petikkft.hu\/en\/geotechnikai-szakfelugyelet-ellatasa\/\">Provision of Geotechnical Supervision<\/a><\/li>\n<li id=\"menu-item-3655\" class=\"menu-item menu-item-type-post_type menu-item-object-page\"><a href=\"http:\/\/petikkft.hu\/en\/allapotfelvetel\/\">Condition Survey<\/a><\/li>\n<li id=\"menu-item-3648\" class=\"menu-item menu-item-type-post_type menu-item-object-page\"><a href=\"http:\/\/petikkft.hu\/en\/talaj-es-talajviz-szennyezettsegi-elovizsgalatok\/\">Soil and Groundwater Contamination Preliminary Studies<\/a><\/li>\n<li id=\"menu-item-3647\" class=\"menu-item menu-item-type-post_type menu-item-object-page\"><a href=\"http:\/\/petikkft.hu\/en\/igazsagugyi-szakertes\/\">Forensic Engineering<\/a><\/li>\n<li id=\"menu-item-3646\" class=\"menu-item menu-item-type-post_type menu-item-object-page\"><a href=\"http:\/\/petikkft.hu\/en\/geodeziai-felmeres\/\">Geodetic Survey<\/a><\/li>\n<\/ul><div class=\"elementskit-nav-identity-panel\"><button class=\"elementskit-menu-close elementskit-menu-toggler\" type=\"button\">X<\/button><\/div><\/div>\n\t\t\t<div class=\"elementskit-menu-overlay elementskit-menu-offcanvas-elements elementskit-menu-toggler ekit-nav-menu--overlay\"><\/div>        <\/nav>\n\t\t\t\t\t\t<\/div>\n\t\t\t\t<\/div>\n\t\t\t\t<\/div>\n\t\t<div class=\"elementor-element elementor-element-edde684 e-flex e-con-boxed e-con e-child\" data-id=\"edde684\" data-element_type=\"container\" data-e-type=\"container\">\n\t\t\t\t\t<div class=\"e-con-inner\">\n\t\t<div class=\"elementor-element elementor-element-532fdb3 e-con-full e-flex e-con e-child\" data-id=\"532fdb3\" data-element_type=\"container\" data-e-type=\"container\">\n\t\t\t\t<div class=\"elementor-element elementor-element-09c1c80 title elementor-widget elementor-widget-heading\" data-id=\"09c1c80\" data-element_type=\"widget\" data-e-type=\"widget\" data-widget_type=\"heading.default\">\n\t\t\t\t<div class=\"elementor-widget-container\">\n\t\t\t\t\t<h2 class=\"elementor-heading-title elementor-size-default\">Soil and Groundwater Contamination Preliminary Studies<\/h2>\t\t\t\t<\/div>\n\t\t\t\t<\/div>\n\t\t\t\t<div class=\"elementor-element elementor-element-5d404d5 elementor-widget elementor-widget-text-editor\" data-id=\"5d404d5\" data-element_type=\"widget\" data-e-type=\"widget\" data-widget_type=\"text-editor.default\">\n\t\t\t\t<div class=\"elementor-widget-container\">\n\t\t\t\t\t\t\t\t\t<p>Investigation of oil and oil derivatives, as well as toxic heavy metal content of soil and groundwater samples taken randomly from the area to be investigated in an accredited laboratory.<\/p>\t\t\t\t\t\t\t\t<\/div>\n\t\t\t\t<\/div>\n\t\t\t\t<div class=\"elementor-element elementor-element-383f22e carousel-with-caption elementor-arrows-position-inside elementor-widget elementor-widget-image-carousel\" data-id=\"383f22e\" data-element_type=\"widget\" data-e-type=\"widget\" data-settings=\"{&quot;slides_to_show&quot;:&quot;1&quot;,&quot;navigation&quot;:&quot;arrows&quot;,&quot;lazyload&quot;:&quot;yes&quot;,&quot;autoplay&quot;:&quot;yes&quot;,&quot;pause_on_interaction&quot;:&quot;yes&quot;,&quot;autoplay_speed&quot;:5000,&quot;infinite&quot;:&quot;yes&quot;,&quot;effect&quot;:&quot;slide&quot;,&quot;speed&quot;:500}\" data-widget_type=\"image-carousel.default\">\n\t\t\t\t<div class=\"elementor-widget-container\">\n\t\t\t\t\t\t\t<div class=\"elementor-image-carousel-wrapper swiper\" role=\"region\" aria-roledescription=\"carousel\" aria-label=\"Image Carousel\" dir=\"ltr\">\n\t\t\t<div class=\"elementor-image-carousel swiper-wrapper\" aria-live=\"off\">\n\t\t\t\t\t\t\t\t<div class=\"swiper-slide\" role=\"group\" aria-roledescription=\"slide\" aria-label=\"1 of 2\"><a data-elementor-open-lightbox=\"yes\" data-elementor-lightbox-slideshow=\"383f22e\" data-elementor-lightbox-description=\"Ipari ter\u00fcletek k\u00f6rnyezet\u00e9ben a v\u00e1rhat\u00f3 esetleges szennyez\u00e9sek sz\u00far\u00f3pr\u00f3baszer\u0171 felt\u00e1r\u00e1sa\" data-e-action-hash=\"#elementor-action%3Aaction%3Dlightbox%26settings%3DeyJpZCI6MjUwNSwidXJsIjoiaHR0cHM6XC9cL3BldGlra2Z0Lmh1XC93cC1jb250ZW50XC91cGxvYWRzXC8yMDI1XC8wNlwvVGFsYWpzemVubnllemV0dHNlZy0xLXNjYWxlZC5qcGciLCJzbGlkZXNob3ciOiIzODNmMjJlIn0%3D\" href=\"https:\/\/petikkft.hu\/wp-content\/uploads\/2025\/06\/Talajszennyezettseg-1-scaled.jpg\"><figure class=\"swiper-slide-inner\"><img class=\"swiper-slide-image swiper-lazy\" data-src=\"https:\/\/petikkft.hu\/wp-content\/uploads\/2025\/06\/Talajszennyezettseg-1-scaled.jpg\" alt=\"Ipari ter\u00fcletek k\u00f6rnyezet\u00e9ben a v\u00e1rhat\u00f3 esetleges szennyez\u00e9sek sz\u00far\u00f3pr\u00f3baszer\u0171 felt\u00e1r\u00e1sa\" \/><div class=\"swiper-lazy-preloader\"><\/div><figcaption class=\"elementor-image-carousel-caption\">Exploratory sampling for suspected contamination near industrial sites<\/figcaption><\/figure><\/a><\/div><div class=\"swiper-slide\" role=\"group\" aria-roledescription=\"slide\" aria-label=\"2 of 2\"><a data-elementor-open-lightbox=\"yes\" data-elementor-lightbox-slideshow=\"383f22e\" data-elementor-lightbox-description=\"Z\u00f6ldmez\u0151s beruh\u00e1z\u00e1sokn\u00e1l esetleges szennyez\u00e9sek sz\u00far\u00f3pr\u00f3baszer\u0171 felt\u00e1r\u00e1sa\" data-e-action-hash=\"#elementor-action%3Aaction%3Dlightbox%26settings%3DeyJpZCI6MjUwNCwidXJsIjoiaHR0cHM6XC9cL3BldGlra2Z0Lmh1XC93cC1jb250ZW50XC91cGxvYWRzXC8yMDI1XC8wNlwvVGFsYWpzemVubnllemV0dHNlZy0yLTEtc2NhbGVkLmpwZyIsInNsaWRlc2hvdyI6IjM4M2YyMmUifQ%3D%3D\" href=\"https:\/\/petikkft.hu\/wp-content\/uploads\/2025\/06\/Talajszennyezettseg-2-1-scaled.jpg\"><figure class=\"swiper-slide-inner\"><img class=\"swiper-slide-image swiper-lazy\" data-src=\"https:\/\/petikkft.hu\/wp-content\/uploads\/2025\/06\/Talajszennyezettseg-2-1-scaled.jpg\" alt=\"Z\u00f6ldmez\u0151s beruh\u00e1z\u00e1sokn\u00e1l esetleges szennyez\u00e9sek sz\u00far\u00f3pr\u00f3baszer\u0171 felt\u00e1r\u00e1sa\" \/><div class=\"swiper-lazy-preloader\"><\/div><figcaption class=\"elementor-image-carousel-caption\">Exploratory sampling for potential contamination at greenfield sites<\/figcaption><\/figure><\/a><\/div>\t\t\t<\/div>\n\t\t\t\t\t\t\t\t\t\t\t\t<div class=\"elementor-swiper-button elementor-swiper-button-prev\" role=\"button\" tabindex=\"0\">\n\t\t\t\t\t\t<svg xmlns=\"http:\/\/www.w3.org\/2000\/svg\" width=\"57\" height=\"57\" viewbox=\"0 0 57 57\" fill=\"none\"><rect x=\"28.2842\" y=\"56.5685\" width=\"40\" height=\"40\" rx=\"10\" transform=\"rotate(-135 28.2842 56.5685)\" fill=\"#E7FF60\"><\/rect><path d=\"M40.5674 30.0685C41.3959 30.0685 42.0674 29.397 42.0674 28.5685C42.0674 27.7401 41.3959 27.0685 40.5674 27.0685L40.5674 28.5685L40.5674 30.0685ZM17.5068 27.5079C16.921 28.0937 16.921 29.0434 17.5068 29.6292L27.0527 39.1751C27.6385 39.7609 28.5883 39.7609 29.174 39.1751C29.7598 38.5894 29.7598 37.6396 29.174 37.0538L20.6888 28.5685L29.174 20.0833C29.7598 19.4975 29.7598 18.5477 29.174 17.9619C28.5883 17.3762 27.6385 17.3762 27.0527 17.9619L17.5068 27.5079ZM40.5674 28.5685L40.5674 27.0685L18.5674 27.0685L18.5674 28.5685L18.5674 30.0685L40.5674 30.0685L40.5674 28.5685Z\" fill=\"#036600\"><\/path><\/svg>\t\t\t\t\t<\/div>\n\t\t\t\t\t<div class=\"elementor-swiper-button elementor-swiper-button-next\" role=\"button\" tabindex=\"0\">\n\t\t\t\t\t\t<svg xmlns=\"http:\/\/www.w3.org\/2000\/svg\" width=\"57\" height=\"57\" viewbox=\"0 0 57 57\" fill=\"none\"><rect x=\"28.2842\" width=\"40\" height=\"40\" rx=\"10\" transform=\"rotate(45 28.2842 0)\" fill=\"#E7FF60\"><\/rect><path d=\"M16.001 26.5C15.1725 26.5 14.501 27.1716 14.501 28C14.501 28.8284 15.1725 29.5 16.001 29.5L16.001 28L16.001 26.5ZM39.0616 29.0607C39.6474 28.4749 39.6474 27.5251 39.0616 26.9393L29.5157 17.3934C28.9299 16.8076 27.9802 16.8076 27.3944 17.3934C26.8086 17.9792 26.8086 18.9289 27.3944 19.5147L35.8797 28L27.3944 36.4853C26.8086 37.0711 26.8086 38.0208 27.3944 38.6066C27.9802 39.1924 28.9299 39.1924 29.5157 38.6066L39.0616 29.0607ZM16.001 28L16.001 29.5L38.001 29.5L38.001 28L38.001 26.5L16.001 26.5L16.001 28Z\" fill=\"#036600\"><\/path><\/svg>\t\t\t\t\t<\/div>\n\t\t\t\t\n\t\t\t\t\t\t\t\t\t<\/div>\n\t\t\t\t\t\t<\/div>\n\t\t\t\t<\/div>\n\t\t<div class=\"elementor-element elementor-element-393eb12 e-con-full gray-container e-flex e-con e-child\" data-id=\"393eb12\" data-element_type=\"container\" data-e-type=\"container\">\n\t\t\t\t<div class=\"elementor-element elementor-element-82680a6 elementor-widget elementor-widget-text-editor\" data-id=\"82680a6\" data-element_type=\"widget\" data-e-type=\"widget\" data-widget_type=\"text-editor.default\">\n\t\t\t\t<div class=\"elementor-widget-container\">\n\t\t\t\t\t\t\t\t\t<h2>Our references<img decoding=\"async\" class=\"float-right m-n-20 alignnone wp-image-3221 size-full\" src=\"http:\/\/petikkft.hu\/wp-content\/uploads\/2026\/02\/posticon-referenciaink.svg\" alt=\"\" width=\"91\" height=\"91\" \/><\/h2>\n<strong>Some of our more significant references related to the activity:<\/strong>\n<ul>\n    <li>Sz\u00e9kesfeh\u00e9rv\u00e1r, Family Center<\/li>\n    <li>ALDI stores (e.g.: Mosonmagyar\u00f3v\u00e1r, Si\u00f3fok)<\/li>\n    <li>Duna\u00fajv\u00e1ros, Power plant<\/li>\n    <li>S\u00f3sk\u00fat remediated area<\/li>\n    <li>Bp., XI. Kopaszi dam Ericsson HQ<\/li>\n<\/ul>\t\t\t\t\t\t\t\t<\/div>\n\t\t\t\t<\/div>\n\t\t\t\t<\/div>\n\t\t<div class=\"elementor-element elementor-element-ade3d8d brick-bg quickoffer-container e-con-full e-flex e-con e-child\" data-id=\"ade3d8d\" data-element_type=\"container\" data-e-type=\"container\">\n\t\t<div class=\"elementor-element elementor-element-d962e57 e-con-full e-flex e-con e-child\" data-id=\"d962e57\" data-element_type=\"container\" data-e-type=\"container\">\n\t\t\t\t<div class=\"elementor-element elementor-element-8821425 elementor-widget__width-initial elementor-widget elementor-widget-text-editor\" data-id=\"8821425\" data-element_type=\"widget\" data-e-type=\"widget\" data-widget_type=\"text-editor.default\">\n\t\t\t\t<div class=\"elementor-widget-container\">\n\t\t\t\t\t\t\t\t\t<a class=\"btn btn-accent\" href=\"\/en\/kapcsolat\/\" style=\"white-space:nowrap\">Get a Quick Quote<\/a>\t\t\t\t\t\t\t\t<\/div>\n\t\t\t\t<\/div>\n\t\t\t\t<\/div>\n\t\t<div class=\"elementor-element elementor-element-63bf461 e-con-full e-flex e-con e-child\" data-id=\"63bf461\" data-element_type=\"container\" data-e-type=\"container\">\n\t\t\t\t<div class=\"elementor-element elementor-element-f334a9c elementor-widget elementor-widget-text-editor\" data-id=\"f334a9c\" data-element_type=\"widget\" data-e-type=\"widget\" data-widget_type=\"text-editor.default\">\n\t\t\t\t<div class=\"elementor-widget-container\">\n\t\t\t\t\t\t\t\t\t<a class=\"text-white arrow-link\" href=\"\/en\/igazsagugyi-szakertes\/\">Forensic Engineering<\/a>\t\t\t\t\t\t\t\t<\/div>\n\t\t\t\t<\/div>\n\t\t\t\t<\/div>\n\t\t\t\t<\/div>\n\t\t\t\t<\/div>\n\t\t\t\t\t<\/div>\n\t\t\t\t<\/div>\n\t\t\t\t\t<\/div>\n\t\t\t\t<\/div>\n\t\t\t\t<\/div>","protected":false},"excerpt":{"rendered":"<p>Szolg\u00e1ltat\u00e1sok Talajvizsg\u00e1lati jelent\u00e9s Alapoz\u00e1s tervez\u00e9se Alapmeger\u0151s\u00edt\u00e9s tervez\u00e9s Munkag\u00f6d\u00f6r k\u00f6r\u00fclz\u00e1r\u00e1s tervez\u00e9se R\u00e9zs\u0171\u00e1ll\u00e9konys\u00e1g, stabilit\u00e1s vizsg\u00e1lata Geotechnikai szakfel\u00fcgyelet ell\u00e1t\u00e1sa \u00c1llapotfelv\u00e9tel Talaj- \u00e9s talajv\u00edz- szennyezetts\u00e9gi el\u0151vizsg\u00e1latok Igazs\u00e1g\u00fcgyi szak\u00e9rt\u00e9s Geod\u00e9ziai felm\u00e9r\u00e9s X Talaj- \u00e9s talajv\u00edz szennyezetts\u00e9gi el\u0151vizsg\u00e1latok A vizsg\u00e1land\u00f3 ter\u00fcleten sz\u00far\u00f3pr\u00f3baszer\u0171en vett talaj- \u00e9s talajv\u00edzmint\u00e1k olaj- \u00e9s olajsz\u00e1rmaz\u00e9kok, valamint toxikus neh\u00e9zf\u00e9m tartalm\u00e1nak vizsg\u00e1lata akkredit\u00e1lt laborat\u00f3riumban. &hellip;<\/p>","protected":false},"author":1,"featured_media":2405,"parent":0,"menu_order":0,"comment_status":"closed","ping_status":"closed","template":"elementor_header_footer","meta":{"inline_featured_image":false,"footnotes":""},"class_list":["post-2251","page","type-page","status-publish","has-post-thumbnail","hentry"],"_links":{"self":[{"href":"http:\/\/petikkft.hu\/en\/wp-json\/wp\/v2\/pages\/2251","targetHints":{"allow":["GET"]}}],"collection":[{"href":"http:\/\/petikkft.hu\/en\/wp-json\/wp\/v2\/pages"}],"about":[{"href":"http:\/\/petikkft.hu\/en\/wp-json\/wp\/v2\/types\/page"}],"author":[{"embeddable":true,"href":"http:\/\/petikkft.hu\/en\/wp-json\/wp\/v2\/users\/1"}],"replies":[{"embeddable":true,"href":"http:\/\/petikkft.hu\/en\/wp-json\/wp\/v2\/comments?post=2251"}],"version-history":[{"count":3,"href":"http:\/\/petikkft.hu\/en\/wp-json\/wp\/v2\/pages\/2251\/revisions"}],"predecessor-version":[{"id":4571,"href":"http:\/\/petikkft.hu\/en\/wp-json\/wp\/v2\/pages\/2251\/revisions\/4571"}],"wp:featuredmedia":[{"embeddable":true,"href":"http:\/\/petikkft.hu\/en\/wp-json\/wp\/v2\/media\/2405"}],"wp:attachment":[{"href":"http:\/\/petikkft.hu\/en\/wp-json\/wp\/v2\/media?parent=2251"}],"curies":[{"name":"wp","href":"https:\/\/api.w.org\/{rel}","templated":true}]}}